{"id":44,"date":"2025-06-19T19:41:12","date_gmt":"2025-06-19T19:41:12","guid":{"rendered":"https:\/\/hotel-zumgoldenenloewen.flix-marketing.de\/?page_id=44"},"modified":"2026-04-15T08:54:16","modified_gmt":"2026-04-15T08:54:16","slug":"speisekarte","status":"publish","type":"page","link":"https:\/\/hotel-zumgoldenenloewen.flix-marketing.de\/en\/speisekarte\/","title":{"rendered":"Menu"},"content":{"rendered":"<p>[et_pb_section fb_built=&#8220;1&#8243; admin_label=&#8220;Sektion&#8220; _builder_version=&#8220;4.27.5&#8243; _module_preset=&#8220;default&#8220; background_color=&#8220;gcid-primary-color&#8220; background_image=&#8220;https:\/\/hotel-zumgoldenenloewen.flix-marketing.de\/wp-content\/uploads\/2026\/02\/innenbereich-einzeltisch-mit-rad-im-hintergrund.jpg&#8220; background_enable_video_mp4=&#8220;off&#8220; custom_margin=&#8220;-18px||||false|false&#8220; custom_padding=&#8220;126px||126px||false|false&#8220; global_colors_info=&#8220;{%22gcid-primary-color%22:%91%22background_color%22%93}&#8220;][et_pb_row column_structure=&#8220;1_4,1_2,1_4&#8243; _builder_version=&#8220;4.27.4&#8243; _module_preset=&#8220;default&#8220; global_colors_info=&#8220;{}&#8220;][et_pb_column type=&#8220;1_4&#8243; _builder_version=&#8220;4.27.4&#8243; _module_preset=&#8220;default&#8220; global_colors_info=&#8220;{}&#8220;][\/et_pb_column][et_pb_column type=&#8220;1_2&#8243; _builder_version=&#8220;4.27.4&#8243; _module_preset=&#8220;default&#8220; global_colors_info=&#8220;{}&#8220;][et_pb_image src=&#8220;https:\/\/hotel-zumgoldenenloewen.flix-marketing.de\/wp-content\/uploads\/2025\/08\/Logo-zum-goldenen-Loewen.png&#8220; title_text=&#8220;Logo zum goldenen Lo\u0308wen&#8220; align=&#8220;center&#8220; _builder_version=&#8220;4.27.5&#8243; _module_preset=&#8220;default&#8220; max_width=&#8220;55%&#8220; max_height=&#8220;1000px&#8220; global_colors_info=&#8220;{}&#8220;][\/et_pb_image][\/et_pb_column][et_pb_column type=&#8220;1_4&#8243; _builder_version=&#8220;4.27.4&#8243; _module_preset=&#8220;default&#8220; global_colors_info=&#8220;{}&#8220;][\/et_pb_column][\/et_pb_row][\/et_pb_section][et_pb_section fb_built=&#8220;1&#8243; admin_label=&#8220;Sektion&#8220; _builder_version=&#8220;4.27.4&#8243; _module_preset=&#8220;default&#8220; background_color=&#8220;gcid-primary-color&#8220; custom_padding=&#8220;||133px|||&#8220; global_colors_info=&#8220;{%22gcid-primary-color%22:%91%22background_color%22%93}&#8220;][et_pb_row _builder_version=&#8220;4.27.4&#8243; _module_preset=&#8220;default&#8220; custom_padding=&#8220;||0px|||&#8220; global_colors_info=&#8220;{}&#8220;][et_pb_column type=&#8220;4_4&#8243; _builder_version=&#8220;4.27.4&#8243; _module_preset=&#8220;default&#8220; global_colors_info=&#8220;{}&#8220;][et_pb_text _builder_version=&#8220;4.27.5&#8243; _module_preset=&#8220;default&#8220; text_font=&#8220;|&#8211;et_global_body_font_weight|||||||&#8220; text_text_color=&#8220;gcid-secondary-color&#8220; text_font_size=&#8220;41px&#8220; text_orientation=&#8220;center&#8220; custom_margin=&#8220;||11px|||&#8220; custom_padding=&#8220;0px||0px|||&#8220; text_font_size_tablet=&#8220;21px&#8220; text_font_size_phone=&#8220;19px&#8220; text_font_size_last_edited=&#8220;on|tablet&#8220; global_colors_info=&#8220;{%22gcid-secondary-color%22:%91%22text_text_color%22%93}&#8220;]<\/p>\n<p data-start=\"171\" data-end=\"575\"><em><strong>Ehrliche K\u00fcche. Gute Getr\u00e4nke. Zeit zum Genie\u00dfen.<\/strong><\/em><\/p>\n<p data-start=\"171\" data-end=\"575\"><em><strong><\/strong><\/em><\/p>\n<p>[\/et_pb_text][\/et_pb_column][\/et_pb_row][et_pb_row _builder_version=&#8220;4.27.4&#8243; _module_preset=&#8220;default&#8220; global_colors_info=&#8220;{}&#8220;][et_pb_column type=&#8220;4_4&#8243; _builder_version=&#8220;4.27.4&#8243; _module_preset=&#8220;default&#8220; global_colors_info=&#8220;{}&#8220;][et_pb_text _builder_version=&#8220;4.27.5&#8243; _module_preset=&#8220;default&#8220; text_text_color=&#8220;gcid-secondary-color&#8220; text_font_size=&#8220;26px&#8220; text_orientation=&#8220;center&#8220; custom_margin=&#8220;||70px|||&#8220; text_font_size_tablet=&#8220;21px&#8220; text_font_size_phone=&#8220;19px&#8220; text_font_size_last_edited=&#8220;on|tablet&#8220; global_colors_info=&#8220;{%22gcid-secondary-color%22:%91%22text_text_color%22%93}&#8220;]<\/p>\n<p data-start=\"289\" data-end=\"543\">In unserer Gaststube kochen wir so, wie man es von einer guten K\u00fcche erwartet: frisch, hausgemacht und mit Zutaten aus der Region. Auf den Tisch kommen deftige Klassiker, wechselnde saisonale Gerichte oder auch mal nur eine Kleinigkeit f\u00fcr zwischendurch.<\/p>\n<p data-start=\"545\" data-end=\"680\">Dazu gibt es frisch gezapftes Bier, Apfelwein, ausgew\u00e4hlte Weine, hausgemachte Limonaden und Hei\u00dfgetr\u00e4nke f\u00fcr lange, gem\u00fctliche Abende.<\/p>\n<p data-start=\"682\" data-end=\"857\">Was wir servieren, wird t\u00e4glich frisch zubereitet \u2013 bodenst\u00e4ndig, ehrlich und mit Liebe zum Detail.<br data-start=\"781\" data-end=\"784\" \/>Setzen Sie sich, kommen Sie an und genie\u00dfen Sie einfach die Zeit bei uns.<\/p>\n<p>[\/et_pb_text][\/et_pb_column][\/et_pb_row][et_pb_row column_structure=&#8220;1_3,1_3,1_3&#8243; _builder_version=&#8220;4.27.5&#8243; _module_preset=&#8220;default&#8220; background_enable_color=&#8220;off&#8220; custom_padding=&#8220;0px||0px|||&#8220; global_colors_info=&#8220;{%22gcid-secondary-color%22:%91%22background_color%22%93}&#8220;][et_pb_column type=&#8220;1_3&#8243; _builder_version=&#8220;4.27.5&#8243; _module_preset=&#8220;default&#8220; global_colors_info=&#8220;{}&#8220;][et_pb_button button_url=&#8220;#Empfehlung&#8220; button_text=&#8220;Empfehlungen&#8220; button_alignment=&#8220;center&#8220; _builder_version=&#8220;4.27.5&#8243; _module_preset=&#8220;default&#8220; custom_button=&#8220;on&#8220; button_text_size=&#8220;20px&#8220; button_text_color=&#8220;gcid-primary-color&#8220; button_bg_color=&#8220;gcid-secondary-color&#8220; button_border_radius=&#8220;100px&#8220; button_font=&#8220;Fauna One|700|||||||&#8220; button_icon=&#8220;&#xf551;||fa||900&#8243; button_text_size_tablet=&#8220;16px&#8220; button_text_size_phone=&#8220;15px&#8220; button_text_size_last_edited=&#8220;on|desktop&#8220; global_colors_info=&#8220;{%22gcid-primary-color%22:%91%22button_text_color%22%93,%22gcid-secondary-color%22:%91%22button_bg_color%22%93}&#8220;][\/et_pb_button][\/et_pb_column][et_pb_column type=&#8220;1_3&#8243; _builder_version=&#8220;4.27.4&#8243; _module_preset=&#8220;default&#8220; global_colors_info=&#8220;{}&#8220;][et_pb_button button_url=&#8220;#speisen&#8220; button_text=&#8220;Speisekarte&#8220; button_alignment=&#8220;center&#8220; _builder_version=&#8220;4.27.4&#8243; _module_preset=&#8220;default&#8220; custom_button=&#8220;on&#8220; button_text_size=&#8220;20px&#8220; button_text_color=&#8220;gcid-primary-color&#8220; button_bg_color=&#8220;gcid-secondary-color&#8220; button_border_radius=&#8220;100px&#8220; button_font=&#8220;Fauna One|700|||||||&#8220; button_icon=&#8220;&#xf551;||fa||900&#8243; button_text_size_tablet=&#8220;16px&#8220; button_text_size_phone=&#8220;15px&#8220; button_text_size_last_edited=&#8220;on|phone&#8220; global_colors_info=&#8220;{%22gcid-primary-color%22:%91%22button_text_color%22%93,%22gcid-secondary-color%22:%91%22button_bg_color%22%93}&#8220;][\/et_pb_button][\/et_pb_column][et_pb_column type=&#8220;1_3&#8243; _builder_version=&#8220;4.27.4&#8243; _module_preset=&#8220;default&#8220; global_colors_info=&#8220;{}&#8220;][et_pb_button button_url=&#8220;#getraenke&#8220; button_text=&#8220;Getr\u00e4nke&#8220; button_alignment=&#8220;center&#8220; _builder_version=&#8220;4.27.4&#8243; _module_preset=&#8220;default&#8220; custom_button=&#8220;on&#8220; button_text_size=&#8220;20px&#8220; button_text_color=&#8220;gcid-primary-color&#8220; button_bg_color=&#8220;gcid-secondary-color&#8220; button_border_radius=&#8220;100px&#8220; button_font=&#8220;Fauna One|700|||||||&#8220; button_icon=&#8220;&#xf551;||fa||900&#8243; button_text_size_tablet=&#8220;16px&#8220; button_text_size_phone=&#8220;15px&#8220; button_text_size_last_edited=&#8220;on|phone&#8220; global_colors_info=&#8220;{%22gcid-primary-color%22:%91%22button_text_color%22%93,%22gcid-secondary-color%22:%91%22button_bg_color%22%93}&#8220;][\/et_pb_button][\/et_pb_column][\/et_pb_row][\/et_pb_section][et_pb_section fb_built=&#8220;1&#8243; fullwidth=&#8220;on&#8220; _builder_version=&#8220;4.27.5&#8243; _module_preset=&#8220;default&#8220; background_image=&#8220;https:\/\/hotel-zumgoldenenloewen.flix-marketing.de\/wp-content\/uploads\/2026\/02\/leckeres-essen-wein-und-fisch-offen-breitbild-2.jpg&#8220; parallax=&#8220;on&#8220; parallax_method=&#8220;off&#8220; max_height=&#8220;200px&#8220; global_colors_info=&#8220;{}&#8220;][et_pb_fullwidth_slider module_id=&#8220;Empfehlung&#8220; _builder_version=&#8220;4.27.5&#8243; _module_preset=&#8220;default&#8220; max_height=&#8220;200px&#8220; global_colors_info=&#8220;{}&#8220;][et_pb_slide heading=&#8220;Empfehlung des Hauses&#8220; use_bg_overlay=&#8220;on&#8220; _builder_version=&#8220;4.27.5&#8243; _module_preset=&#8220;default&#8220; header_font_size=&#8220;60px&#8220; background_enable_color=&#8220;off&#8220; background_enable_image=&#8220;off&#8220; parallax=&#8220;on&#8220; parallax_method=&#8220;off&#8220; background_blend=&#8220;darken&#8220; custom_padding=&#8220;70px||70px||true|false&#8220; header_font_size_tablet=&#8220;48px&#8220; header_font_size_phone=&#8220;40px&#8220; header_font_size_last_edited=&#8220;on|phone&#8220; global_colors_info=&#8220;{%22gcid-secondary-color%22:%91%22background_color%22%93}&#8220; sticky_transition=&#8220;on&#8220;][\/et_pb_slide][\/et_pb_fullwidth_slider][\/et_pb_section][et_pb_section fb_built=&#8220;1&#8243; _builder_version=&#8220;4.27.4&#8243; _module_preset=&#8220;default&#8220; background_color=&#8220;#faf0e6&#8243; global_colors_info=&#8220;{}&#8220;][et_pb_row module_id=&#8220;specials&#8220; _builder_version=&#8220;4.27.4&#8243; _module_preset=&#8220;default&#8220; global_colors_info=&#8220;{}&#8220;][et_pb_column type=&#8220;4_4&#8243; _builder_version=&#8220;4.27.4&#8243; _module_preset=&#8220;default&#8220; global_colors_info=&#8220;{}&#8220;][et_pb_code _builder_version=&#8220;4.27.5&#8243; _module_preset=&#8220;default&#8220; global_colors_info=&#8220;{}&#8220;]<div class=\"_df_book df-lite\" id=\"df_340\"  _slug=\"hauptmenue\" data-title=\"hauptmenue\" wpoptions=\"true\" thumb=\"https:\/\/hotel-zumgoldenenloewen.flix-marketing.de\/wp-content\/uploads\/2025\/11\/MENKARTE-PDF-02.jpg\" thumbtype=\"\" ><\/div><script class=\"df-shortcode-script\" nowprocket type=\"application\/javascript\">window.option_df_340 = {\"outline\":[],\"backgroundColor\":\"#faf0e6\",\"autoEnableOutline\":\"false\",\"autoEnableThumbnail\":\"false\",\"overwritePDFOutline\":\"false\",\"direction\":\"1\",\"pageSize\":\"0\",\"source\":[\"https:\\\/\\\/hotel-zumgoldenenloewen.flix-marketing.de\\\/wp-content\\\/uploads\\\/2025\\\/11\\\/MENKARTE-PDF-02.jpg\",\"https:\\\/\\\/hotel-zumgoldenenloewen.flix-marketing.de\\\/wp-content\\\/uploads\\\/2025\\\/11\\\/MENKARTE-PDF-03.jpg\",\"https:\\\/\\\/hotel-zumgoldenenloewen.flix-marketing.de\\\/wp-content\\\/uploads\\\/2025\\\/11\\\/MENKARTE-PDF-04.jpg\",\"https:\\\/\\\/hotel-zumgoldenenloewen.flix-marketing.de\\\/wp-content\\\/uploads\\\/2025\\\/11\\\/MENKARTE-PDF-05.jpg\",\"https:\\\/\\\/hotel-zumgoldenenloewen.flix-marketing.de\\\/wp-content\\\/uploads\\\/2025\\\/11\\\/MENKARTE-PDF-06.jpg\",\"https:\\\/\\\/hotel-zumgoldenenloewen.flix-marketing.de\\\/wp-content\\\/uploads\\\/2025\\\/11\\\/MENKARTE-PDF-07.jpg\"],\"wpOptions\":\"true\",\"links\":[[],[],[],[],[],[],[]]}; if(window.DFLIP && window.DFLIP.parseBooks){window.DFLIP.parseBooks();}<\/script>[\/et_pb_code][\/et_pb_column][\/et_pb_row][\/et_pb_section][et_pb_section fb_built=&#8220;1&#8243; fullwidth=&#8220;on&#8220; _builder_version=&#8220;4.27.4&#8243; _module_preset=&#8220;default&#8220; background_image=&#8220;https:\/\/hotel-zumgoldenenloewen.flix-marketing.de\/wp-content\/uploads\/2025\/06\/restaurant-hero-02.jpg&#8220; parallax=&#8220;on&#8220; parallax_method=&#8220;off&#8220; max_height=&#8220;200px&#8220; global_colors_info=&#8220;{}&#8220;][et_pb_fullwidth_slider _builder_version=&#8220;4.27.4&#8243; _module_preset=&#8220;default&#8220; max_height=&#8220;200px&#8220; global_colors_info=&#8220;{}&#8220;][et_pb_slide heading=&#8220;Speisen&#8220; use_bg_overlay=&#8220;on&#8220; _builder_version=&#8220;4.27.4&#8243; _module_preset=&#8220;default&#8220; header_font_size=&#8220;60px&#8220; background_enable_color=&#8220;off&#8220; background_enable_image=&#8220;off&#8220; parallax=&#8220;on&#8220; parallax_method=&#8220;off&#8220; background_blend=&#8220;darken&#8220; custom_padding=&#8220;70px||70px||true|false&#8220; header_font_size_tablet=&#8220;48px&#8220; header_font_size_phone=&#8220;40px&#8220; header_font_size_last_edited=&#8220;on|desktop&#8220; global_colors_info=&#8220;{%22gcid-secondary-color%22:%91%22background_color%22%93}&#8220; sticky_transition=&#8220;on&#8220;][\/et_pb_slide][\/et_pb_fullwidth_slider][\/et_pb_section][et_pb_section fb_built=&#8220;1&#8243; _builder_version=&#8220;4.27.4&#8243; _module_preset=&#8220;default&#8220; background_color=&#8220;#faf0e6&#8243; global_colors_info=&#8220;{}&#8220;][et_pb_row module_id=&#8220;speisen&#8220; _builder_version=&#8220;4.27.4&#8243; _module_preset=&#8220;default&#8220; global_colors_info=&#8220;{}&#8220;][et_pb_column type=&#8220;4_4&#8243; _builder_version=&#8220;4.27.4&#8243; _module_preset=&#8220;default&#8220; global_colors_info=&#8220;{}&#8220;][et_pb_code _builder_version=&#8220;4.27.4&#8243; _module_preset=&#8220;default&#8220; global_colors_info=&#8220;{}&#8220;]<div class=\"_df_book df-lite\" id=\"df_340\"  _slug=\"hauptmenue\" data-title=\"hauptmenue\" wpoptions=\"true\" thumb=\"https:\/\/hotel-zumgoldenenloewen.flix-marketing.de\/wp-content\/uploads\/2025\/11\/MENKARTE-PDF-02.jpg\" thumbtype=\"\" ><\/div><script class=\"df-shortcode-script\" nowprocket type=\"application\/javascript\">window.option_df_340 = {\"outline\":[],\"backgroundColor\":\"#faf0e6\",\"autoEnableOutline\":\"false\",\"autoEnableThumbnail\":\"false\",\"overwritePDFOutline\":\"false\",\"direction\":\"1\",\"pageSize\":\"0\",\"source\":[\"https:\\\/\\\/hotel-zumgoldenenloewen.flix-marketing.de\\\/wp-content\\\/uploads\\\/2025\\\/11\\\/MENKARTE-PDF-02.jpg\",\"https:\\\/\\\/hotel-zumgoldenenloewen.flix-marketing.de\\\/wp-content\\\/uploads\\\/2025\\\/11\\\/MENKARTE-PDF-03.jpg\",\"https:\\\/\\\/hotel-zumgoldenenloewen.flix-marketing.de\\\/wp-content\\\/uploads\\\/2025\\\/11\\\/MENKARTE-PDF-04.jpg\",\"https:\\\/\\\/hotel-zumgoldenenloewen.flix-marketing.de\\\/wp-content\\\/uploads\\\/2025\\\/11\\\/MENKARTE-PDF-05.jpg\",\"https:\\\/\\\/hotel-zumgoldenenloewen.flix-marketing.de\\\/wp-content\\\/uploads\\\/2025\\\/11\\\/MENKARTE-PDF-06.jpg\",\"https:\\\/\\\/hotel-zumgoldenenloewen.flix-marketing.de\\\/wp-content\\\/uploads\\\/2025\\\/11\\\/MENKARTE-PDF-07.jpg\"],\"wpOptions\":\"true\",\"links\":[[],[],[],[],[],[],[]]}; if(window.DFLIP && window.DFLIP.parseBooks){window.DFLIP.parseBooks();}<\/script>[\/et_pb_code][\/et_pb_column][\/et_pb_row][\/et_pb_section][et_pb_section fb_built=&#8220;1&#8243; fullwidth=&#8220;on&#8220; _builder_version=&#8220;4.27.4&#8243; _module_preset=&#8220;default&#8220; background_image=&#8220;https:\/\/hotel-zumgoldenenloewen.flix-marketing.de\/wp-content\/uploads\/2025\/06\/food-06.jpg&#8220; parallax=&#8220;on&#8220; parallax_method=&#8220;off&#8220; max_height=&#8220;200px&#8220; global_colors_info=&#8220;{}&#8220;][et_pb_fullwidth_slider _builder_version=&#8220;4.27.4&#8243; _module_preset=&#8220;default&#8220; max_height=&#8220;200px&#8220; global_colors_info=&#8220;{}&#8220;][et_pb_slide heading=&#8220;Getr\u00e4nke&#8220; use_bg_overlay=&#8220;on&#8220; _builder_version=&#8220;4.27.4&#8243; _module_preset=&#8220;default&#8220; header_font_size=&#8220;60px&#8220; background_enable_color=&#8220;off&#8220; background_enable_image=&#8220;off&#8220; parallax=&#8220;on&#8220; parallax_method=&#8220;off&#8220; background_blend=&#8220;darken&#8220; custom_padding=&#8220;70px||70px||true|false&#8220; header_font_size_tablet=&#8220;48px&#8220; header_font_size_phone=&#8220;40px&#8220; header_font_size_last_edited=&#8220;on|phone&#8220; global_colors_info=&#8220;{%22gcid-secondary-color%22:%91%22background_color%22%93}&#8220; sticky_transition=&#8220;on&#8220;][\/et_pb_slide][\/et_pb_fullwidth_slider][\/et_pb_section][et_pb_section fb_built=&#8220;1&#8243; _builder_version=&#8220;4.27.4&#8243; _module_preset=&#8220;default&#8220; background_color=&#8220;#faf0e6&#8243; global_colors_info=&#8220;{}&#8220;][et_pb_row module_id=&#8220;getraenke&#8220; _builder_version=&#8220;4.27.4&#8243; _module_preset=&#8220;default&#8220; global_colors_info=&#8220;{}&#8220;][et_pb_column type=&#8220;4_4&#8243; _builder_version=&#8220;4.27.4&#8243; _module_preset=&#8220;default&#8220; global_colors_info=&#8220;{}&#8220;][et_pb_code _builder_version=&#8220;4.27.4&#8243; _module_preset=&#8220;default&#8220; global_colors_info=&#8220;{}&#8220;]<div class=\"_df_book df-lite\" id=\"df_354\"  _slug=\"getraenkekarte\" data-title=\"getraenkekarte\" wpoptions=\"true\" thumb=\"https:\/\/hotel-zumgoldenenloewen.flix-marketing.de\/wp-content\/uploads\/2025\/11\/getrnke-karte-PDF-1.jpg\" thumbtype=\"\" ><\/div><script class=\"df-shortcode-script\" nowprocket type=\"application\/javascript\">window.option_df_354 = {\"outline\":[],\"backgroundColor\":\"#faf0e6\",\"autoEnableOutline\":\"false\",\"autoEnableThumbnail\":\"false\",\"overwritePDFOutline\":\"false\",\"direction\":\"1\",\"pageSize\":\"0\",\"source\":[\"https:\\\/\\\/hotel-zumgoldenenloewen.flix-marketing.de\\\/wp-content\\\/uploads\\\/2025\\\/11\\\/getrnke-karte-PDF-1.jpg\",\"https:\\\/\\\/hotel-zumgoldenenloewen.flix-marketing.de\\\/wp-content\\\/uploads\\\/2025\\\/11\\\/getrnke-karte-PDF-2.jpg\"],\"wpOptions\":\"true\",\"links\":[[],[],[]]}; if(window.DFLIP && window.DFLIP.parseBooks){window.DFLIP.parseBooks();}<\/script>[\/et_pb_code][\/et_pb_column][\/et_pb_row][\/et_pb_section][et_pb_section fb_built=&#8220;1&#8243; _builder_version=&#8220;4.27.4&#8243; _module_preset=&#8220;default&#8220; background_color=&#8220;#eed9c4&#8243; custom_padding=&#8220;69px||81px|||&#8220; global_colors_info=&#8220;{}&#8220;][et_pb_row column_structure=&#8220;2_5,3_5&#8243; _builder_version=&#8220;4.27.4&#8243; _module_preset=&#8220;default&#8220; global_colors_info=&#8220;{}&#8220;][et_pb_column type=&#8220;2_5&#8243; _builder_version=&#8220;4.27.4&#8243; _module_preset=&#8220;default&#8220; global_colors_info=&#8220;{}&#8220;][et_pb_heading title=&#8220;Fragen zu unserem Angebot?&#8220; _builder_version=&#8220;4.27.4&#8243; _module_preset=&#8220;default&#8220; title_text_color=&#8220;#543100&#8243; title_font_size=&#8220;41px&#8220; global_colors_info=&#8220;{}&#8220;][\/et_pb_heading][\/et_pb_column][et_pb_column type=&#8220;3_5&#8243; _builder_version=&#8220;4.27.4&#8243; _module_preset=&#8220;default&#8220; global_colors_info=&#8220;{}&#8220;][et_pb_contact_form _builder_version=&#8220;4.27.6&#8243; _module_preset=&#8220;default&#8220; _unique_id=&#8220;35733f5f-cf97-46af-b4e5-2a69b70a0f12&#8243; title_text_color=&#8220;#543100&#8243; captcha_text_color=&#8220;#543100&#8243; custom_button=&#8220;on&#8220; button_text_size=&#8220;18px&#8220; button_text_color=&#8220;#faf0e6&#8243; button_bg_color=&#8220;#543100&#8243; button_border_color=&#8220;RGBA(255,255,255,0)&#8220; button_border_radius=&#8220;11px&#8220; button_on_hover=&#8220;off&#8220; hover_enabled=&#8220;0&#8243; border_width_all=&#8220;1px&#8220; border_color_all=&#8220;#543100&#8243; global_colors_info=&#8220;{}&#8220; sticky_enabled=&#8220;0&#8243;][et_pb_contact_field field_id=&#8220;Name&#8220; field_title=&#8220;Name&#8220; _builder_version=&#8220;4.27.4&#8243; form_field_text_color=&#8220;#543100&#8243; text_orientation=&#8220;left&#8220; global_colors_info=&#8220;{}&#8220; button_text_size__hover_enabled=&#8220;off&#8220; button_one_text_size__hover_enabled=&#8220;off&#8220; button_two_text_size__hover_enabled=&#8220;off&#8220; button_text_color__hover_enabled=&#8220;off&#8220; button_one_text_color__hover_enabled=&#8220;off&#8220; button_two_text_color__hover_enabled=&#8220;off&#8220; button_border_width__hover_enabled=&#8220;off&#8220; button_one_border_width__hover_enabled=&#8220;off&#8220; button_two_border_width__hover_enabled=&#8220;off&#8220; button_border_color__hover_enabled=&#8220;off&#8220; button_one_border_color__hover_enabled=&#8220;off&#8220; button_two_border_color__hover_enabled=&#8220;off&#8220; button_border_radius__hover_enabled=&#8220;off&#8220; button_one_border_radius__hover_enabled=&#8220;off&#8220; button_two_border_radius__hover_enabled=&#8220;off&#8220; button_letter_spacing__hover_enabled=&#8220;off&#8220; button_one_letter_spacing__hover_enabled=&#8220;off&#8220; button_two_letter_spacing__hover_enabled=&#8220;off&#8220; button_bg_color__hover_enabled=&#8220;off&#8220; button_one_bg_color__hover_enabled=&#8220;off&#8220; button_two_bg_color__hover_enabled=&#8220;off&#8220;][\/et_pb_contact_field][et_pb_contact_field field_id=&#8220;Email&#8220; field_title=&#8220;E-Mail-Adresse&#8220; field_type=&#8220;email&#8220; _builder_version=&#8220;4.16&#8243; form_field_text_color=&#8220;#543100&#8243; global_colors_info=&#8220;{}&#8220; button_text_size__hover_enabled=&#8220;off&#8220; button_one_text_size__hover_enabled=&#8220;off&#8220; button_two_text_size__hover_enabled=&#8220;off&#8220; button_text_color__hover_enabled=&#8220;off&#8220; button_one_text_color__hover_enabled=&#8220;off&#8220; button_two_text_color__hover_enabled=&#8220;off&#8220; button_border_width__hover_enabled=&#8220;off&#8220; button_one_border_width__hover_enabled=&#8220;off&#8220; button_two_border_width__hover_enabled=&#8220;off&#8220; button_border_color__hover_enabled=&#8220;off&#8220; button_one_border_color__hover_enabled=&#8220;off&#8220; button_two_border_color__hover_enabled=&#8220;off&#8220; button_border_radius__hover_enabled=&#8220;off&#8220; button_one_border_radius__hover_enabled=&#8220;off&#8220; button_two_border_radius__hover_enabled=&#8220;off&#8220; button_letter_spacing__hover_enabled=&#8220;off&#8220; button_one_letter_spacing__hover_enabled=&#8220;off&#8220; button_two_letter_spacing__hover_enabled=&#8220;off&#8220; button_bg_color__hover_enabled=&#8220;off&#8220; button_one_bg_color__hover_enabled=&#8220;off&#8220; button_two_bg_color__hover_enabled=&#8220;off&#8220;][\/et_pb_contact_field][et_pb_contact_field field_id=&#8220;Nummer&#8220; field_title=&#8220;Telefonnummer&#8220; _builder_version=&#8220;4.27.6&#8243; form_field_text_color=&#8220;#543100&#8243; hover_enabled=&#8220;0&#8243; global_colors_info=&#8220;{}&#8220; button_text_size__hover_enabled=&#8220;off&#8220; button_one_text_size__hover_enabled=&#8220;off&#8220; button_two_text_size__hover_enabled=&#8220;off&#8220; button_text_color__hover_enabled=&#8220;off&#8220; button_one_text_color__hover_enabled=&#8220;off&#8220; button_two_text_color__hover_enabled=&#8220;off&#8220; button_border_width__hover_enabled=&#8220;off&#8220; button_one_border_width__hover_enabled=&#8220;off&#8220; button_two_border_width__hover_enabled=&#8220;off&#8220; button_border_color__hover_enabled=&#8220;off&#8220; button_one_border_color__hover_enabled=&#8220;off&#8220; button_two_border_color__hover_enabled=&#8220;off&#8220; button_border_radius__hover_enabled=&#8220;off&#8220; button_one_border_radius__hover_enabled=&#8220;off&#8220; button_two_border_radius__hover_enabled=&#8220;off&#8220; button_letter_spacing__hover_enabled=&#8220;off&#8220; button_one_letter_spacing__hover_enabled=&#8220;off&#8220; button_two_letter_spacing__hover_enabled=&#8220;off&#8220; button_bg_color__hover_enabled=&#8220;off&#8220; button_one_bg_color__hover_enabled=&#8220;off&#8220; button_two_bg_color__hover_enabled=&#8220;off&#8220; allowed_symbols=&#8220;numbers&#8220; fullwidth_field=&#8220;on&#8220; sticky_enabled=&#8220;0&#8243;][\/et_pb_contact_field][et_pb_contact_field field_id=&#8220;Message&#8220; field_title=&#8220;Nachricht&#8220; field_type=&#8220;text&#8220; fullwidth_field=&#8220;on&#8220; _builder_version=&#8220;4.16&#8243; form_field_text_color=&#8220;#543100&#8243; global_colors_info=&#8220;{}&#8220; button_text_size__hover_enabled=&#8220;off&#8220; button_one_text_size__hover_enabled=&#8220;off&#8220; button_two_text_size__hover_enabled=&#8220;off&#8220; button_text_color__hover_enabled=&#8220;off&#8220; button_one_text_color__hover_enabled=&#8220;off&#8220; button_two_text_color__hover_enabled=&#8220;off&#8220; button_border_width__hover_enabled=&#8220;off&#8220; button_one_border_width__hover_enabled=&#8220;off&#8220; button_two_border_width__hover_enabled=&#8220;off&#8220; button_border_color__hover_enabled=&#8220;off&#8220; button_one_border_color__hover_enabled=&#8220;off&#8220; button_two_border_color__hover_enabled=&#8220;off&#8220; button_border_radius__hover_enabled=&#8220;off&#8220; button_one_border_radius__hover_enabled=&#8220;off&#8220; button_two_border_radius__hover_enabled=&#8220;off&#8220; button_letter_spacing__hover_enabled=&#8220;off&#8220; button_one_letter_spacing__hover_enabled=&#8220;off&#8220; button_two_letter_spacing__hover_enabled=&#8220;off&#8220; button_bg_color__hover_enabled=&#8220;off&#8220; button_one_bg_color__hover_enabled=&#8220;off&#8220; button_two_bg_color__hover_enabled=&#8220;off&#8220;][\/et_pb_contact_field][\/et_pb_contact_form][\/et_pb_column][\/et_pb_row][\/et_pb_section]<\/p>\n","protected":false},"excerpt":{"rendered":"<p>Ehrliche K\u00fcche. Gute Getr\u00e4nke. Zeit zum Genie\u00dfen. In unserer Gaststube kochen wir so, wie man es von einer guten K\u00fcche erwartet: frisch, hausgemacht und mit Zutaten aus der Region. Auf den Tisch kommen deftige Klassiker, wechselnde saisonale Gerichte oder auch mal nur eine Kleinigkeit f\u00fcr zwischendurch. Dazu gibt es frisch gezapftes Bier, Apfelwein, ausgew\u00e4hlte Weine, [&hellip;]<\/p>\n","protected":false},"author":2,"featured_media":0,"parent":0,"menu_order":0,"comment_status":"closed","ping_status":"closed","template":"","meta":{"_et_pb_use_builder":"on","_et_pb_old_content":"","_et_gb_content_width":"","footnotes":""},"class_list":["post-44","page","type-page","status-publish","hentry"],"_links":{"self":[{"href":"https:\/\/hotel-zumgoldenenloewen.flix-marketing.de\/en\/wp-json\/wp\/v2\/pages\/44","targetHints":{"allow":["GET"]}}],"collection":[{"href":"https:\/\/hotel-zumgoldenenloewen.flix-marketing.de\/en\/wp-json\/wp\/v2\/pages"}],"about":[{"href":"https:\/\/hotel-zumgoldenenloewen.flix-marketing.de\/en\/wp-json\/wp\/v2\/types\/page"}],"author":[{"embeddable":true,"href":"https:\/\/hotel-zumgoldenenloewen.flix-marketing.de\/en\/wp-json\/wp\/v2\/users\/2"}],"replies":[{"embeddable":true,"href":"https:\/\/hotel-zumgoldenenloewen.flix-marketing.de\/en\/wp-json\/wp\/v2\/comments?post=44"}],"version-history":[{"count":53,"href":"https:\/\/hotel-zumgoldenenloewen.flix-marketing.de\/en\/wp-json\/wp\/v2\/pages\/44\/revisions"}],"predecessor-version":[{"id":716,"href":"https:\/\/hotel-zumgoldenenloewen.flix-marketing.de\/en\/wp-json\/wp\/v2\/pages\/44\/revisions\/716"}],"wp:attachment":[{"href":"https:\/\/hotel-zumgoldenenloewen.flix-marketing.de\/en\/wp-json\/wp\/v2\/media?parent=44"}],"curies":[{"name":"wp","href":"https:\/\/api.w.org\/{rel}","templated":true}]}}