{"id":41,"date":"2025-06-19T19:40:33","date_gmt":"2025-06-19T19:40:33","guid":{"rendered":"https:\/\/hotel-zumgoldenenloewen.flix-marketing.de\/?page_id=41"},"modified":"2026-04-17T09:31:36","modified_gmt":"2026-04-17T09:31:36","slug":"impressum","status":"publish","type":"page","link":"https:\/\/hotel-zumgoldenenloewen.flix-marketing.de\/en\/impressum\/","title":{"rendered":"Imprint"},"content":{"rendered":"<p>[et_pb_section fb_built=&#8220;1&#8243; _builder_version=&#8220;4.27.6&#8243; _module_preset=&#8220;default&#8220; global_colors_info=&#8220;{}&#8220;][et_pb_row _builder_version=&#8220;4.27.6&#8243; _module_preset=&#8220;default&#8220; global_colors_info=&#8220;{}&#8220;][et_pb_column type=&#8220;4_4&#8243; _builder_version=&#8220;4.27.6&#8243; _module_preset=&#8220;default&#8220; global_colors_info=&#8220;{}&#8220;][et_pb_text _builder_version=&#8220;4.27.6&#8243; _module_preset=&#8220;default&#8220; text_text_color=&#8220;#000000&#8243; hover_enabled=&#8220;0&#8243; global_colors_info=&#8220;{}&#8220; overflow-y_last_edited=&#8220;on|desktop&#8220; text_text_color_last_edited=&#8220;on|phone&#8220; sticky_enabled=&#8220;0&#8243; text_text_color_phone=&#8220;#000000&#8243; content_last_edited=&#8220;on|phone&#8220; content_phone=&#8220;<\/p>\n<h1><span style=%22color: #000000;%22>Impressum<\/span><\/h1>\n<h2 id=%22m46%22><span style=%22color: #000000;%22>Diensteanbieter<\/span><\/h2>\n<p><span style=%22color: #000000;%22>Merve Kara \/ Zum Goldenen L\u00f6wen<\/span><br \/><span style=%22color: #000000;%22>Liederbacher Str., 60A<\/span><br \/><span style=%22color: #000000;%22>65929, Frankfurt &#8211; Unterliederbach, Deutschland<\/span><\/p>\n<h2 id=%22m56%22><span style=%22color: #000000;%22>Kontaktm\u00f6glichkeiten<\/span><\/h2>\n<p><span style=%22color: #000000;%22>E-Mail-Adresse: kontakt@hotel-zumgoldenenloewen.de\u00a0<\/span><\/p>\n<p><span style=%22color: #000000;%22>Telefon: +49(0) 69 \u2013 936 230 23<\/span><\/p>\n<p><span style=%22color: #000000;%22>Weitere Kontaktm\u00f6glichkeiten: Mobil: +49(0) 159 0437 3246<\/span><\/p>\n<h2 id=%22m153%22><span style=%22color: #000000;%22>Vertretungsberechtigte Personen<\/span><\/h2>\n<p><span style=%22color: #000000;%22>Vertretungsberechtigt: Merve Kara, \u00fcber die Zwecke und Mittel der Verarbeitung von personenbezogenen Daten entscheiden<\/span><\/p>\n<h2 id=%22m154%22><span style=%22color: #000000;%22>Journalistisch-redaktionelle Angebote<\/span><\/h2>\n<p><span style=%22color: #000000;%22>Inhaltlich verantwortlich: Merve Kara, Liederbacher Str., 62, 65929, Frankfurt &#8211; Unterliederbach, Deutschland<\/span><\/p>\n<h2 id=%22m157%22><span style=%22color: #000000;%22>Berufsbezeichnung<\/span><\/h2>\n<p><span style=%22color: #000000;%22>Gesetzliche Berufsbezeichnung: Gastwirt<\/span><\/p>\n<p><span style=%22color: #000000;%22>Land in dem die Berufsbezeichnung verliehen wurde: Deutschland.<\/span><\/p>\n<h2 id=%22m168%22><span style=%22color: #000000;%22>Berufsrechtliche Regelungen<\/span><\/h2>\n<p><span style=%22color: #000000;%22>Berufsordnung f\u00fcr die hessischen Gastwirte (HGastG). Die Regelungen k\u00f6nnen \u00fcber das hessische Gastst\u00e4ttengesetz unter <a href=%22https:\/\/www.rv.hessenrecht.hessen.de\/perma?a=GastG_HE%22 data-et-target-link=%22_blank%22 style=%22color: #000000;%22 rel=%22noopener%22>https:\/\/www.rv.hessenrecht.hessen.de\/perma?a=GastG_HE<\/a> abgerufen werden.<\/span><\/p>\n<p class=%22seal%22><span style=%22color: #000000;%22><a href=%22https:\/\/datenschutz-generator.de\/%22 title=%22Rechtstext von Dr. Schwenke - f\u00fcr weitere Informationen bitte anklicken.%22 data-et-target-link=%22_blank%22 rel=%22noopener noreferrer nofollow%22 style=%22color: #000000;%22>Erstellt mit kostenlosem Datenschutz-Generator.de von Dr. Thomas Schwenke<\/a><\/span><\/p>\n<p>&#8220; text_text_color_tablet=&#8220;#000000&#8243; content_tablet=&#8220;<\/p>\n<h1><span style=%22color: #000000;%22>Impressum<\/span><\/h1>\n<h2 id=%22m46%22><span style=%22color: #000000;%22>Diensteanbieter<\/span><\/h2>\n<p><span style=%22color: #000000;%22>Merve Kara \/ Zum Goldenen L\u00f6wen<\/span><br \/><span style=%22color: #000000;%22>Liederbacher Str., 60A<\/span><br \/><span style=%22color: #000000;%22>65929, Frankfurt &#8211; Unterliederbach, Deutschland<\/span><\/p>\n<h2 id=%22m56%22><span style=%22color: #000000;%22>Kontaktm\u00f6glichkeiten<\/span><\/h2>\n<p><span style=%22color: #000000;%22>E-Mail-Adresse: kontakt@hotel-zumgoldenenloewen.de\u00a0<\/span><\/p>\n<p><span style=%22color: #000000;%22>Telefon: +49(0) 69 \u2013 936 230 23<\/span><\/p>\n<p><span style=%22color: #000000;%22>Weitere Kontaktm\u00f6glichkeiten: Mobil: +49(0) 159 0437 3246<\/span><\/p>\n<h2 id=%22m153%22><span style=%22color: #000000;%22>Vertretungsberechtigte Personen<\/span><\/h2>\n<p><span style=%22color: #000000;%22>Vertretungsberechtigt: Merve Kara, \u00fcber die Zwecke und Mittel der Verarbeitung von personenbezogenen Daten entscheiden<\/span><\/p>\n<h2 id=%22m154%22><span style=%22color: #000000;%22>Journalistisch-redaktionelle Angebote<\/span><\/h2>\n<p><span style=%22color: #000000;%22>Inhaltlich verantwortlich: Merve Kara, Liederbacher Str., 62, 65929, Frankfurt &#8211; Unterliederbach, Deutschland<\/span><\/p>\n<h2 id=%22m157%22><span style=%22color: #000000;%22>Berufsbezeichnung<\/span><\/h2>\n<p><span style=%22color: #000000;%22>Gesetzliche Berufsbezeichnung: Gastwirt<\/span><\/p>\n<p><span style=%22color: #000000;%22>Land in dem die Berufsbezeichnung verliehen wurde: Deutschland.<\/span><\/p>\n<h2 id=%22m168%22><span style=%22color: #000000;%22>Berufsrechtliche Regelungen<\/span><\/h2>\n<p><span style=%22color: #000000;%22>Berufsordnung f\u00fcr die hessischen Gastwirte (HGastG). Die Regelungen k\u00f6nnen \u00fcber das hessische Gastst\u00e4ttengesetz unter <a href=%22https:\/\/www.rv.hessenrecht.hessen.de\/perma?a=GastG_HE%22 data-et-target-link=%22_blank%22 style=%22color: #000000;%22 rel=%22noopener%22>https:\/\/www.rv.hessenrecht.hessen.de\/perma?a=GastG_HE<\/a> abgerufen werden.<\/span><\/p>\n<p class=%22seal%22><span style=%22color: #000000;%22><a href=%22https:\/\/datenschutz-generator.de\/%22 title=%22Rechtstext von Dr. Schwenke - f\u00fcr weitere Informationen bitte anklicken.%22 data-et-target-link=%22_blank%22 rel=%22noopener noreferrer nofollow%22 style=%22color: #000000;%22>Erstellt mit kostenlosem Datenschutz-Generator.de von Dr. Thomas Schwenke<\/a><\/span><\/p>\n<p>&#8222;]<\/p>\n<h1><span style=\"color: #000000;\">Impressum<\/span><\/h1>\n<h2 id=\"m46\"><span style=\"color: #000000;\">Diensteanbieter<\/span><\/h2>\n<p><span style=\"color: #000000;\">Merve Kara \/ Zum Goldenen L\u00f6wen<\/span><br \/><span style=\"color: #000000;\">Liederbacher Str., 60A<\/span><br \/><span style=\"color: #000000;\">65929, Frankfurt &#8211; Unterliederbach, Deutschland<\/span><\/p>\n<h2 id=\"m56\"><span style=\"color: #000000;\">Kontaktm\u00f6glichkeiten<\/span><\/h2>\n<p><span style=\"color: #000000;\">E-Mail-Adresse: kontakt@hotel-zumgoldenenloewen.de\u00a0<\/span><\/p>\n<p><span style=\"color: #000000;\">Telefon: +49(0) 69 \u2013 936 230 23<\/span><\/p>\n<p><span style=\"color: #000000;\">Weitere Kontaktm\u00f6glichkeiten: Mobil: +49(0) 159 0437 3246<\/span><\/p>\n<h2 id=\"m153\"><span style=\"color: #000000;\">Vertretungsberechtigte Personen<\/span><\/h2>\n<p><span style=\"color: #000000;\">Vertretungsberechtigt: Merve Kara, \u00fcber die Zwecke und Mittel der Verarbeitung von personenbezogenen Daten entscheiden<\/span><\/p>\n<h2 id=\"m154\"><span style=\"color: #000000;\">Journalistisch-redaktionelle Angebote<\/span><\/h2>\n<p><span style=\"color: #000000;\">Inhaltlich verantwortlich: Merve Kara, Liederbacher Str., 62, 65929, Frankfurt &#8211; Unterliederbach, Deutschland<\/span><\/p>\n<h2 id=\"m157\"><span style=\"color: #000000;\">Berufsbezeichnung<\/span><\/h2>\n<p><span style=\"color: #000000;\">Gesetzliche Berufsbezeichnung: Gastwirt<\/span><\/p>\n<p><span style=\"color: #000000;\">Land in dem die Berufsbezeichnung verliehen wurde: Deutschland.<\/span><\/p>\n<h2 id=\"m168\"><span style=\"color: #000000;\">Berufsrechtliche Regelungen<\/span><\/h2>\n<p><span style=\"color: #000000;\">Berufsordnung f\u00fcr die hessischen Gastwirte (HGastG). Die Regelungen k\u00f6nnen \u00fcber das hessische Gastst\u00e4ttengesetz unter <a href=\"https:\/\/www.rv.hessenrecht.hessen.de\/perma?a=GastG_HE\" target=\"_blank\" style=\"color: #000000;\" rel=\"noopener\">https:\/\/www.rv.hessenrecht.hessen.de\/perma?a=GastG_HE<\/a> abgerufen werden.<\/span><\/p>\n<p class=\"seal\"><span style=\"color: #000000;\"><a href=\"https:\/\/datenschutz-generator.de\/\" title=\"Rechtstext von Dr. Schwenke - f\u00fcr weitere Informationen bitte anklicken.\" target=\"_blank\" rel=\"noopener noreferrer nofollow\" style=\"color: #000000;\">Erstellt mit kostenlosem Datenschutz-Generator.de von Dr. Thomas Schwenke<\/a><\/span><\/p>\n<p>[\/et_pb_text][\/et_pb_column][\/et_pb_row][\/et_pb_section]<\/p>\n","protected":false},"excerpt":{"rendered":"<p>Impressum Diensteanbieter Merve Kara \/ Zum Goldenen L\u00f6wenLiederbacher Str., 60A65929, Frankfurt &#8211; Unterliederbach, Deutschland Kontaktm\u00f6glichkeiten E-Mail-Adresse: kontakt@hotel-zumgoldenenloewen.de\u00a0 Telefon: +49(0) 69 \u2013 936 230 23 Weitere Kontaktm\u00f6glichkeiten: Mobil: +49(0) 159 0437 3246 Vertretungsberechtigte Personen Vertretungsberechtigt: Merve Kara, \u00fcber die Zwecke und Mittel der Verarbeitung von personenbezogenen Daten entscheiden Journalistisch-redaktionelle Angebote Inhaltlich verantwortlich: Merve Kara, Liederbacher Str., [&hellip;]<\/p>\n","protected":false},"author":2,"featured_media":0,"parent":0,"menu_order":0,"comment_status":"closed","ping_status":"closed","template":"","meta":{"_et_pb_use_builder":"on","_et_pb_old_content":"","_et_gb_content_width":"","footnotes":""},"class_list":["post-41","page","type-page","status-publish","hentry"],"_links":{"self":[{"href":"https:\/\/hotel-zumgoldenenloewen.flix-marketing.de\/en\/wp-json\/wp\/v2\/pages\/41","targetHints":{"allow":["GET"]}}],"collection":[{"href":"https:\/\/hotel-zumgoldenenloewen.flix-marketing.de\/en\/wp-json\/wp\/v2\/pages"}],"about":[{"href":"https:\/\/hotel-zumgoldenenloewen.flix-marketing.de\/en\/wp-json\/wp\/v2\/types\/page"}],"author":[{"embeddable":true,"href":"https:\/\/hotel-zumgoldenenloewen.flix-marketing.de\/en\/wp-json\/wp\/v2\/users\/2"}],"replies":[{"embeddable":true,"href":"https:\/\/hotel-zumgoldenenloewen.flix-marketing.de\/en\/wp-json\/wp\/v2\/comments?post=41"}],"version-history":[{"count":8,"href":"https:\/\/hotel-zumgoldenenloewen.flix-marketing.de\/en\/wp-json\/wp\/v2\/pages\/41\/revisions"}],"predecessor-version":[{"id":750,"href":"https:\/\/hotel-zumgoldenenloewen.flix-marketing.de\/en\/wp-json\/wp\/v2\/pages\/41\/revisions\/750"}],"wp:attachment":[{"href":"https:\/\/hotel-zumgoldenenloewen.flix-marketing.de\/en\/wp-json\/wp\/v2\/media?parent=41"}],"curies":[{"name":"wp","href":"https:\/\/api.w.org\/{rel}","templated":true}]}}