{"id":39,"date":"2025-06-19T19:40:48","date_gmt":"2025-06-19T19:40:48","guid":{"rendered":"https:\/\/hotel-zumgoldenenloewen.flix-marketing.de\/?page_id=39"},"modified":"2026-04-15T11:09:57","modified_gmt":"2026-04-15T11:09:57","slug":"anfahrt","status":"publish","type":"page","link":"https:\/\/hotel-zumgoldenenloewen.flix-marketing.de\/en\/anfahrt\/","title":{"rendered":"Directions"},"content":{"rendered":"<p>[et_pb_section fb_built=&#8220;1&#8243; _builder_version=&#8220;4.27.4&#8243; _module_preset=&#8220;default&#8220; background_color=&#8220;#faf0e6&#8243; min_height=&#8220;806.7px&#8220; custom_margin=&#8220;||-76px||false|false&#8220; custom_margin_tablet=&#8220;||-50px||false|false&#8220; custom_margin_phone=&#8220;||-17px||false|false&#8220; custom_margin_last_edited=&#8220;on|phone&#8220; custom_padding=&#8220;||0px|||&#8220; global_colors_info=&#8220;{}&#8220;][et_pb_row column_structure=&#8220;1_2,1_2&#8243; _builder_version=&#8220;4.27.4&#8243; _module_preset=&#8220;default&#8220; custom_margin=&#8220;|auto||auto|false|false&#8220; custom_padding=&#8220;||||false|false&#8220; global_colors_info=&#8220;{}&#8220;][et_pb_column type=&#8220;1_2&#8243; _builder_version=&#8220;4.27.4&#8243; _module_preset=&#8220;default&#8220; global_colors_info=&#8220;{}&#8220;][et_pb_image src=&#8220;https:\/\/hotel-zumgoldenenloewen.flix-marketing.de\/wp-content\/uploads\/2026\/02\/Logo-hangend-am-Eingang.jpg&#8220; alt=&#8220;Eingan des Gasthauses&#8220; title_text=&#8220;Logo h\u00e4ngend am Eingang&#8220; _builder_version=&#8220;4.27.5&#8243; _module_preset=&#8220;default&#8220; z_index=&#8220;95&#8243; custom_margin=&#8220;50px||||false|false&#8220; custom_margin_tablet=&#8220;0px||||false|false&#8220; custom_margin_phone=&#8220;0px||||false|false&#8220; custom_margin_last_edited=&#8220;on|tablet&#8220; scroll_vertical_motion_enable=&#8220;on&#8220; scroll_vertical_motion=&#8220;0|16|53|76|0|0|-1&#8243; motion_trigger_start=&#8220;bottom&#8220; global_colors_info=&#8220;{}&#8220;][\/et_pb_image][\/et_pb_column][et_pb_column type=&#8220;1_2&#8243; _builder_version=&#8220;4.27.4&#8243; _module_preset=&#8220;default&#8220; global_colors_info=&#8220;{}&#8220;][et_pb_image src=&#8220;https:\/\/hotel-zumgoldenenloewen.flix-marketing.de\/wp-content\/uploads\/2025\/08\/Logo-zum-goldenen-Loewen.png&#8220; alt=&#8220;Logo_Gasthaus_zum_goldenen_Loewen&#8220; title_text=&#8220;Logo zum goldenen Lo\u0308wen&#8220; show_bottom_space=&#8220;off&#8220; align=&#8220;right&#8220; _builder_version=&#8220;4.27.5&#8243; _module_preset=&#8220;default&#8220; height=&#8220;188px&#8220; scroll_vertical_motion_enable=&#8220;on&#8220; scroll_vertical_motion=&#8220;0|50|50|100|0|0|0&#8243; motion_trigger_start=&#8220;bottom&#8220; global_colors_info=&#8220;{}&#8220;][\/et_pb_image][et_pb_heading title=&#8220;N\u00e4her als Sie denken&#8220; _builder_version=&#8220;4.27.4&#8243; _module_preset=&#8220;default&#8220; title_font=&#8220;&#8211;et_global_body_font|600|||||||&#8220; title_text_align=&#8220;right&#8220; title_text_color=&#8220;#543100&#8243; title_font_size=&#8220;38px&#8220; custom_margin=&#8220;32px||17px||false|false&#8220; custom_margin_tablet=&#8220;||||false|false&#8220; custom_margin_phone=&#8220;32px||||false|false&#8220; custom_margin_last_edited=&#8220;on|tablet&#8220; custom_padding=&#8220;0px|||||&#8220; global_colors_info=&#8220;{}&#8220;][\/et_pb_heading][et_pb_text _builder_version=&#8220;4.27.4&#8243; _module_preset=&#8220;default&#8220; text_text_color=&#8220;#543100&#8243; text_font_size=&#8220;23px&#8220; text_orientation=&#8220;right&#8220; custom_margin=&#8220;2px||||false|false&#8220; custom_margin_tablet=&#8220;0px||||false|false&#8220; custom_margin_phone=&#8220;0px||||false|false&#8220; custom_margin_last_edited=&#8220;on|desktop&#8220; global_colors_info=&#8220;{}&#8220;]<\/p>\n<p>Unser Gasthaus befindet sich in einer idyllischen Lage und ist dennoch schnell erreichbar. Perfekt, um dem Alltag kurz zu entfliehen und sich in gem\u00fctlicher Atmosph\u00e4re verw\u00f6hnen zu lassen.<\/p>\n<p>[\/et_pb_text][\/et_pb_column][\/et_pb_row][et_pb_row _builder_version=&#8220;4.27.5&#8243; _module_preset=&#8220;default&#8220; global_colors_info=&#8220;{}&#8220;][et_pb_column type=&#8220;4_4&#8243; _builder_version=&#8220;4.27.5&#8243; _module_preset=&#8220;default&#8220; global_colors_info=&#8220;{}&#8220;][\/et_pb_column][\/et_pb_row][\/et_pb_section][et_pb_section fb_built=&#8220;1&#8243; _builder_version=&#8220;4.27.4&#8243; _module_preset=&#8220;default&#8220; background_color=&#8220;#f9d1a9&#8243; global_colors_info=&#8220;{}&#8220;][et_pb_row column_structure=&#8220;1_5,3_5,1_5&#8243; _builder_version=&#8220;4.27.4&#8243; _module_preset=&#8220;default&#8220; custom_padding=&#8220;50px|||||&#8220; global_colors_info=&#8220;{}&#8220;][et_pb_column type=&#8220;1_5&#8243; _builder_version=&#8220;4.27.4&#8243; _module_preset=&#8220;default&#8220; global_colors_info=&#8220;{}&#8220;][et_pb_text _builder_version=&#8220;4.27.5&#8243; _module_preset=&#8220;default&#8220; text_text_color=&#8220;gcid-secondary-color&#8220; header_3_text_color=&#8220;gcid-secondary-color&#8220; background_color=&#8220;gcid-primary-color&#8220; width=&#8220;100%&#8220; custom_margin=&#8220;-77px||||false|false&#8220; custom_padding=&#8220;17px|10px|17px|10px|true|true&#8220; border_radii=&#8220;on|20px|20px|20px|20px&#8220; global_colors_info=&#8220;{%22gcid-secondary-color%22:%91%22text_text_color%22,%22header_3_text_color%22%93,%22gcid-primary-color%22:%91%22background_color%22%93}&#8220;]<\/p>\n<p><strong>Anfahrt:<\/strong><\/p>\n<p>Sie erreichen uns bequem \u00fcber die <strong>Autobahn A66<\/strong>.<br data-start=\"178\" data-end=\"181\" \/>Nehmen Sie die <strong>Ausfahrt Frankfurt-H\u00f6chst<\/strong> und folgen Sie der K\u00f6nigsteiner Stra\u00dfe in Richtung Stadtmitte.<br data-start=\"292\" data-end=\"295\" data-is-only-node=\"\" \/>Biegen Sie anschlie\u00dfend rechts in die Hans-B\u00f6ckler-Stra\u00dfe ab. Nach etwa 200 Metern fahren Sie links in die <strong>Liederbacher Stra\u00dfe<\/strong>.<br data-start=\"436\" data-end=\"439\" \/>Unser Geb\u00e4ude befindet sich dort auf der linken Seite.<\/p>\n<p>[\/et_pb_text][\/et_pb_column][et_pb_column type=&#8220;3_5&#8243; _builder_version=&#8220;4.27.4&#8243; _module_preset=&#8220;default&#8220; global_colors_info=&#8220;{}&#8220;][et_pb_code _builder_version=&#8220;4.27.6&#8243; _module_preset=&#8220;default&#8220; background_color=&#8220;gcid-secondary-color&#8220; custom_margin=&#8220;-200px||||false|false&#8220; custom_margin_tablet=&#8220;-200px||||false|false&#8220; custom_margin_phone=&#8220;0px||||false|false&#8220; custom_margin_last_edited=&#8220;on|phone&#8220; hover_enabled=&#8220;0&#8243; box_shadow_style=&#8220;preset5&#8243; box_shadow_blur=&#8220;43px&#8220; box_shadow_spread=&#8220;4px&#8220; box_shadow_color=&#8220;gcid-secondary-color&#8220; global_colors_info=&#8220;{%22gcid-secondary-color%22:%91%22background_color%22,%22box_shadow_color%22%93}&#8220; sticky_enabled=&#8220;0&#8243;]<iframe src=\"https:\/\/www.google.com\/maps\/embed?pb=!1m18!1m12!1m3!1d1279.3468617883118!2d8.532446069311508!3d50.110739472916535!2m3!1f0!2f0!3f0!3m2!1i1024!2i768!4f13.1!3m3!1m2!1s0x47bda0c9a36d2c2d%3A0xc2ead098652ed608!2sGasthaus%20Zum%20Goldenen%20L%C3%B6wen!5e0!3m2!1sde!2sde!4v1776251323146!5m2!1sde!2sde\" width=\"1000\" height=\"600\" style=\"border:0;\" allowfullscreen=\"\" loading=\"lazy\" referrerpolicy=\"no-referrer-when-downgrade\"><\/iframe>[\/et_pb_code][\/et_pb_column][et_pb_column type=&#8220;1_5&#8243; _builder_version=&#8220;4.27.4&#8243; _module_preset=&#8220;default&#8220; global_colors_info=&#8220;{}&#8220;][et_pb_text _builder_version=&#8220;4.27.6&#8243; _module_preset=&#8220;default&#8220; text_text_color=&#8220;gcid-secondary-color&#8220; background_color=&#8220;gcid-primary-color&#8220; custom_margin=&#8220;-77px||||false|false&#8220; custom_margin_tablet=&#8220;-44px||||false|false&#8220; custom_margin_phone=&#8220;14px||||false|false&#8220; custom_margin_last_edited=&#8220;on|phone&#8220; custom_padding=&#8220;17px|10px|17px|10px|true|true&#8220; border_radii=&#8220;on|20px|20px|20px|20px&#8220; global_colors_info=&#8220;{%22gcid-secondary-color%22:%91%22text_text_color%22%93,%22gcid-primary-color%22:%91%22background_color%22%93}&#8220;]<\/p>\n<p data-start=\"127\" data-end=\"148\"><strong data-start=\"127\" data-end=\"148\">Parkm\u00f6glichkeiten<\/strong><\/p>\n<p data-start=\"150\" data-end=\"482\">Direkt vor unserem Geb\u00e4ude stehen Ihnen <strong>unsere Besucherparkpl\u00e4tze<\/strong> zur Verf\u00fcgung.<br data-start=\"235\" data-end=\"238\" \/>Sollten diese belegt sein, k\u00f6nnen Sie in der <strong>Liederbacher Stra\u00dfe<\/strong> oder in den umliegenden Seitenstra\u00dfen <strong>kostenfrei<\/strong> parken.<\/p>\n<p>[\/et_pb_text][\/et_pb_column][\/et_pb_row][\/et_pb_section][et_pb_section fb_built=&#8220;1&#8243; _builder_version=&#8220;4.27.4&#8243; _module_preset=&#8220;default&#8220; background_color=&#8220;#eed9c4&#8243; custom_padding=&#8220;69px||81px|||&#8220; global_colors_info=&#8220;{}&#8220;][et_pb_row column_structure=&#8220;2_5,3_5&#8243; _builder_version=&#8220;4.27.4&#8243; _module_preset=&#8220;default&#8220; global_colors_info=&#8220;{}&#8220;][et_pb_column type=&#8220;2_5&#8243; _builder_version=&#8220;4.27.4&#8243; _module_preset=&#8220;default&#8220; global_colors_info=&#8220;{}&#8220;][et_pb_heading title=&#8220;Jetzt anfragen&#8220; _builder_version=&#8220;4.27.6&#8243; _module_preset=&#8220;default&#8220; title_text_color=&#8220;#543100&#8243; title_font_size=&#8220;41px&#8220; global_colors_info=&#8220;{}&#8220;][\/et_pb_heading][\/et_pb_column][et_pb_column type=&#8220;3_5&#8243; _builder_version=&#8220;4.27.4&#8243; _module_preset=&#8220;default&#8220; global_colors_info=&#8220;{}&#8220;][et_pb_contact_form _builder_version=&#8220;4.27.6&#8243; _module_preset=&#8220;default&#8220; _unique_id=&#8220;35733f5f-cf97-46af-b4e5-2a69b70a0f12&#8243; title_text_color=&#8220;#543100&#8243; captcha_text_color=&#8220;#543100&#8243; custom_button=&#8220;on&#8220; button_text_size=&#8220;18px&#8220; button_text_color=&#8220;#faf0e6&#8243; button_bg_color=&#8220;#543100&#8243; button_border_color=&#8220;RGBA(255,255,255,0)&#8220; button_border_radius=&#8220;11px&#8220; button_on_hover=&#8220;off&#8220; global_colors_info=&#8220;{}&#8220;][et_pb_contact_field field_id=&#8220;Name&#8220; field_title=&#8220;Name&#8220; _builder_version=&#8220;4.27.4&#8243; form_field_text_color=&#8220;#543100&#8243; text_orientation=&#8220;left&#8220; global_colors_info=&#8220;{}&#8220; button_text_size__hover_enabled=&#8220;off&#8220; button_one_text_size__hover_enabled=&#8220;off&#8220; button_two_text_size__hover_enabled=&#8220;off&#8220; button_text_color__hover_enabled=&#8220;off&#8220; button_one_text_color__hover_enabled=&#8220;off&#8220; button_two_text_color__hover_enabled=&#8220;off&#8220; button_border_width__hover_enabled=&#8220;off&#8220; button_one_border_width__hover_enabled=&#8220;off&#8220; button_two_border_width__hover_enabled=&#8220;off&#8220; button_border_color__hover_enabled=&#8220;off&#8220; button_one_border_color__hover_enabled=&#8220;off&#8220; button_two_border_color__hover_enabled=&#8220;off&#8220; button_border_radius__hover_enabled=&#8220;off&#8220; button_one_border_radius__hover_enabled=&#8220;off&#8220; button_two_border_radius__hover_enabled=&#8220;off&#8220; button_letter_spacing__hover_enabled=&#8220;off&#8220; button_one_letter_spacing__hover_enabled=&#8220;off&#8220; button_two_letter_spacing__hover_enabled=&#8220;off&#8220; button_bg_color__hover_enabled=&#8220;off&#8220; button_one_bg_color__hover_enabled=&#8220;off&#8220; button_two_bg_color__hover_enabled=&#8220;off&#8220;][\/et_pb_contact_field][et_pb_contact_field field_id=&#8220;Email&#8220; field_title=&#8220;E-Mail-Adresse&#8220; field_type=&#8220;email&#8220; _builder_version=&#8220;4.16&#8243; form_field_text_color=&#8220;#543100&#8243; global_colors_info=&#8220;{}&#8220; button_text_size__hover_enabled=&#8220;off&#8220; button_one_text_size__hover_enabled=&#8220;off&#8220; button_two_text_size__hover_enabled=&#8220;off&#8220; button_text_color__hover_enabled=&#8220;off&#8220; button_one_text_color__hover_enabled=&#8220;off&#8220; button_two_text_color__hover_enabled=&#8220;off&#8220; button_border_width__hover_enabled=&#8220;off&#8220; button_one_border_width__hover_enabled=&#8220;off&#8220; button_two_border_width__hover_enabled=&#8220;off&#8220; button_border_color__hover_enabled=&#8220;off&#8220; button_one_border_color__hover_enabled=&#8220;off&#8220; button_two_border_color__hover_enabled=&#8220;off&#8220; button_border_radius__hover_enabled=&#8220;off&#8220; button_one_border_radius__hover_enabled=&#8220;off&#8220; button_two_border_radius__hover_enabled=&#8220;off&#8220; button_letter_spacing__hover_enabled=&#8220;off&#8220; button_one_letter_spacing__hover_enabled=&#8220;off&#8220; button_two_letter_spacing__hover_enabled=&#8220;off&#8220; button_bg_color__hover_enabled=&#8220;off&#8220; button_one_bg_color__hover_enabled=&#8220;off&#8220; button_two_bg_color__hover_enabled=&#8220;off&#8220;][\/et_pb_contact_field][et_pb_contact_field field_id=&#8220;Nummer&#8220; field_title=&#8220;Telefonnummer&#8220; allowed_symbols=&#8220;numbers&#8220; fullwidth_field=&#8220;on&#8220; _builder_version=&#8220;4.27.6&#8243; form_field_text_color=&#8220;#543100&#8243; global_colors_info=&#8220;{}&#8220; button_text_size__hover_enabled=&#8220;off&#8220; button_one_text_size__hover_enabled=&#8220;off&#8220; button_two_text_size__hover_enabled=&#8220;off&#8220; button_text_color__hover_enabled=&#8220;off&#8220; button_one_text_color__hover_enabled=&#8220;off&#8220; button_two_text_color__hover_enabled=&#8220;off&#8220; button_border_width__hover_enabled=&#8220;off&#8220; button_one_border_width__hover_enabled=&#8220;off&#8220; button_two_border_width__hover_enabled=&#8220;off&#8220; button_border_color__hover_enabled=&#8220;off&#8220; button_one_border_color__hover_enabled=&#8220;off&#8220; button_two_border_color__hover_enabled=&#8220;off&#8220; button_border_radius__hover_enabled=&#8220;off&#8220; button_one_border_radius__hover_enabled=&#8220;off&#8220; button_two_border_radius__hover_enabled=&#8220;off&#8220; button_letter_spacing__hover_enabled=&#8220;off&#8220; button_one_letter_spacing__hover_enabled=&#8220;off&#8220; button_two_letter_spacing__hover_enabled=&#8220;off&#8220; button_bg_color__hover_enabled=&#8220;off&#8220; button_one_bg_color__hover_enabled=&#8220;off&#8220; button_two_bg_color__hover_enabled=&#8220;off&#8220;][\/et_pb_contact_field][et_pb_contact_field field_id=&#8220;Message&#8220; field_title=&#8220;Nachricht&#8220; field_type=&#8220;text&#8220; fullwidth_field=&#8220;on&#8220; _builder_version=&#8220;4.16&#8243; form_field_text_color=&#8220;#543100&#8243; global_colors_info=&#8220;{}&#8220; button_text_size__hover_enabled=&#8220;off&#8220; button_one_text_size__hover_enabled=&#8220;off&#8220; button_two_text_size__hover_enabled=&#8220;off&#8220; button_text_color__hover_enabled=&#8220;off&#8220; button_one_text_color__hover_enabled=&#8220;off&#8220; button_two_text_color__hover_enabled=&#8220;off&#8220; button_border_width__hover_enabled=&#8220;off&#8220; button_one_border_width__hover_enabled=&#8220;off&#8220; button_two_border_width__hover_enabled=&#8220;off&#8220; button_border_color__hover_enabled=&#8220;off&#8220; button_one_border_color__hover_enabled=&#8220;off&#8220; button_two_border_color__hover_enabled=&#8220;off&#8220; button_border_radius__hover_enabled=&#8220;off&#8220; button_one_border_radius__hover_enabled=&#8220;off&#8220; button_two_border_radius__hover_enabled=&#8220;off&#8220; button_letter_spacing__hover_enabled=&#8220;off&#8220; button_one_letter_spacing__hover_enabled=&#8220;off&#8220; button_two_letter_spacing__hover_enabled=&#8220;off&#8220; button_bg_color__hover_enabled=&#8220;off&#8220; button_one_bg_color__hover_enabled=&#8220;off&#8220; button_two_bg_color__hover_enabled=&#8220;off&#8220;][\/et_pb_contact_field][\/et_pb_contact_form][\/et_pb_column][\/et_pb_row][\/et_pb_section]<\/p>\n","protected":false},"excerpt":{"rendered":"<p>Unser Gasthaus befindet sich in einer idyllischen Lage und ist dennoch schnell erreichbar. Perfekt, um dem Alltag kurz zu entfliehen und sich in gem\u00fctlicher Atmosph\u00e4re verw\u00f6hnen zu lassen.Anfahrt: Sie erreichen uns bequem \u00fcber die Autobahn A66.Nehmen Sie die Ausfahrt Frankfurt-H\u00f6chst und folgen Sie der K\u00f6nigsteiner Stra\u00dfe in Richtung Stadtmitte.Biegen Sie anschlie\u00dfend rechts in die Hans-B\u00f6ckler-Stra\u00dfe [&hellip;]<\/p>\n","protected":false},"author":2,"featured_media":0,"parent":0,"menu_order":0,"comment_status":"closed","ping_status":"closed","template":"","meta":{"_et_pb_use_builder":"on","_et_pb_old_content":"","_et_gb_content_width":"","footnotes":""},"class_list":["post-39","page","type-page","status-publish","hentry"],"_links":{"self":[{"href":"https:\/\/hotel-zumgoldenenloewen.flix-marketing.de\/en\/wp-json\/wp\/v2\/pages\/39","targetHints":{"allow":["GET"]}}],"collection":[{"href":"https:\/\/hotel-zumgoldenenloewen.flix-marketing.de\/en\/wp-json\/wp\/v2\/pages"}],"about":[{"href":"https:\/\/hotel-zumgoldenenloewen.flix-marketing.de\/en\/wp-json\/wp\/v2\/types\/page"}],"author":[{"embeddable":true,"href":"https:\/\/hotel-zumgoldenenloewen.flix-marketing.de\/en\/wp-json\/wp\/v2\/users\/2"}],"replies":[{"embeddable":true,"href":"https:\/\/hotel-zumgoldenenloewen.flix-marketing.de\/en\/wp-json\/wp\/v2\/comments?post=39"}],"version-history":[{"count":26,"href":"https:\/\/hotel-zumgoldenenloewen.flix-marketing.de\/en\/wp-json\/wp\/v2\/pages\/39\/revisions"}],"predecessor-version":[{"id":736,"href":"https:\/\/hotel-zumgoldenenloewen.flix-marketing.de\/en\/wp-json\/wp\/v2\/pages\/39\/revisions\/736"}],"wp:attachment":[{"href":"https:\/\/hotel-zumgoldenenloewen.flix-marketing.de\/en\/wp-json\/wp\/v2\/media?parent=39"}],"curies":[{"name":"wp","href":"https:\/\/api.w.org\/{rel}","templated":true}]}}