{"id":37,"date":"2025-06-19T19:08:45","date_gmt":"2025-06-19T19:08:45","guid":{"rendered":"https:\/\/hotel-zumgoldenenloewen.flix-marketing.de\/?page_id=37"},"modified":"2026-04-15T09:35:53","modified_gmt":"2026-04-15T09:35:53","slug":"reservieren","status":"publish","type":"page","link":"https:\/\/hotel-zumgoldenenloewen.flix-marketing.de\/en\/reservieren\/","title":{"rendered":"Reservation"},"content":{"rendered":"<p>[et_pb_section fb_built=&#8220;1&#8243; fullwidth=&#8220;on&#8220; _builder_version=&#8220;4.27.4&#8243; _module_preset=&#8220;default&#8220; background_color=&#8220;gcid-primary-color&#8220; global_colors_info=&#8220;{%22gcid-primary-color%22:%91%22background_color%22%93}&#8220;][et_pb_fullwidth_slider _builder_version=&#8220;4.27.6&#8243; _module_preset=&#8220;default&#8220; header_level=&#8220;h6&#8243; body_text_align=&#8220;left&#8220; body_font_size=&#8220;20px&#8220; body_letter_spacing=&#8220;1px&#8220; custom_button=&#8220;on&#8220; button_text_color=&#8220;gcid-primary-color&#8220; button_bg_color=&#8220;gcid-secondary-color&#8220; button_border_radius=&#8220;100px&#8220; button_font=&#8220;Fauna One|700|||||||&#8220; button_icon=&#8220;&#xf6c0;||fa||900&#8243; button_icon_color=&#8220;gcid-primary-color&#8220; button_alignment=&#8220;left&#8220; text_orientation=&#8220;left&#8220; custom_padding=&#8220;177px||224px|||&#8220; hover_enabled=&#8220;0&#8243; box_shadow_style_button=&#8220;preset1&#8243; global_colors_info=&#8220;{%22gcid-secondary-color%22:%91%22button_bg_color%22%93,%22gcid-primary-color%22:%91%22button_icon_color%22,%22button_text_color%22%93}&#8220; sticky_enabled=&#8220;0&#8243;][et_pb_slide heading=&#8220;Echt. Herzlich. Unvergesslich.&#8220; button_text=&#8220;Reservieren&#8220; image=&#8220;https:\/\/hotel-zumgoldenenloewen.flix-marketing.de\/wp-content\/uploads\/2026\/02\/Bar.jpg&#8220; _builder_version=&#8220;4.27.6&#8243; _module_preset=&#8220;default&#8220; header_font=&#8220;&#8211;et_global_heading_font|600|||||||&#8220; header_font_size=&#8220;46px&#8220; body_font=&#8220;||on||||||&#8220; body_font_size=&#8220;20px&#8220; custom_button=&#8220;on&#8220; button_use_icon=&#8220;on&#8220; button_icon_placement=&#8220;left&#8220; button_alignment=&#8220;left&#8220; button_custom_margin=&#8220;63px||||false|false&#8220; background_layout=&#8220;light&#8220; custom_padding=&#8220;||||false|false&#8220; hover_enabled=&#8220;0&#8243; box_shadow_style_button=&#8220;preset1&#8243; global_colors_info=&#8220;{}&#8220; sticky_transition=&#8220;on&#8220; sticky_enabled=&#8220;0&#8243; button_link=&#8220;#contact&#8220;]<\/p>\n<p><span style=\"font-size: 22;\">Genie\u00dfen Sie gute K\u00fcche, gem\u00fctliche Atmosph\u00e4re und herzliche Gastfreundschaft \u2013 drinnen wie drau\u00dfen. Ob Stammtisch, Familienessen oder geselliger Abend auf unserer Terrasse: Bei uns z\u00e4hlt das Miteinander.<\/span><br \/><br data-start=\"727\" data-end=\"730\" \/><span>Wir freuen uns darauf, Sie bewirten zu d\u00fcrfen<\/span>.<\/p>\n<p>[\/et_pb_slide][\/et_pb_fullwidth_slider][\/et_pb_section][et_pb_section fb_built=&#8220;1&#8243; _builder_version=&#8220;4.27.4&#8243; _module_preset=&#8220;default&#8220; background_color=&#8220;gcid-secondary-color&#8220; custom_padding=&#8220;||155px||false|false&#8220; global_colors_info=&#8220;{%22gcid-secondary-color%22:%91%22background_color%22%93}&#8220;][et_pb_row _builder_version=&#8220;4.27.4&#8243; _module_preset=&#8220;default&#8220; global_colors_info=&#8220;{}&#8220;][et_pb_column type=&#8220;4_4&#8243; _builder_version=&#8220;4.27.4&#8243; _module_preset=&#8220;default&#8220; global_colors_info=&#8220;{}&#8220;][et_pb_text _builder_version=&#8220;4.27.5&#8243; _module_preset=&#8220;default&#8220; text_font=&#8220;Fauna One|700|||||||&#8220; text_text_color=&#8220;gcid-primary-color&#8220; text_font_size=&#8220;41px&#8220; text_line_height=&#8220;1.4em&#8220; text_orientation=&#8220;center&#8220; text_font_size_tablet=&#8220;37px&#8220; text_font_size_phone=&#8220;27px&#8220; text_font_size_last_edited=&#8220;on|phone&#8220; global_colors_info=&#8220;{%22gcid-primary-color%22:%91%22text_text_color%22%93}&#8220;]<\/p>\n<p>Der Goldene L\u00f6we als Eventlocation<\/p>\n<p>[\/et_pb_text][\/et_pb_column][\/et_pb_row][et_pb_row column_structure=&#8220;1_3,1_3,1_3&#8243; _builder_version=&#8220;4.27.4&#8243; _module_preset=&#8220;5138c454-be54-4233-bd3b-f8e6a8747976&#8243; custom_padding=&#8220;36px||0px|||&#8220; global_colors_info=&#8220;{}&#8220;][et_pb_column type=&#8220;1_3&#8243; _builder_version=&#8220;4.27.4&#8243; _module_preset=&#8220;50607da8-57bc-4d4b-aaef-f02e41c2cc4a&#8220; background_color=&#8220;#ffffff&#8220; custom_padding=&#8220;30px|30px|30px|30px|true|true&#8220; custom_padding_tablet=&#8220;30px|30px|30px|30px|true|true&#8220; custom_padding_phone=&#8220;20px|20px|20px|20px|true|true&#8220; custom_padding_last_edited=&#8220;off|desktop&#8220; border_radii=&#8220;on|6px|6px|6px|6px&#8220; box_shadow_style=&#8220;preset1&#8243; box_shadow_vertical=&#8220;24px&#8220; box_shadow_blur=&#8220;72px&#8220; box_shadow_spread=&#8220;-12px&#8220; box_shadow_color=&#8220;rgba(0,0,0,0.12)&#8220; global_colors_info=&#8220;{%22gcid-7cadd8b3-5228-48e4-90c4-212d09232f7b%22:%91%22color%22%93}&#8220;][et_pb_blurb title=&#8220;Hochzeiten&#8220; image=&#8220;https:\/\/hotel-zumgoldenenloewen.flix-marketing.de\/wp-content\/uploads\/2026\/02\/pexels-emma-bauso-1183828-2253870.jpg&#8220; icon_alignment=&#8220;left&#8220; content_max_width=&#8220;100%&#8220; _builder_version=&#8220;4.27.5&#8243; _module_preset=&#8220;203c76fc-aee0-4484-9be1-f0e2ebd81a8f&#8220; header_font=&#8220;&#8211;et_global_body_font|Cinzel_weight|||||||&#8220; header_text_color=&#8220;#0e0c19&#8243; header_font_size=&#8220;23px&#8220; header_line_height=&#8220;1.4em&#8220; body_font=&#8220;Fauna One|Fauna One_weight|||||||&#8220; body_text_color=&#8220;#3c3a47&#8243; body_font_size=&#8220;16px&#8220; body_line_height=&#8220;1.75em&#8220; body_link_text_color=&#8220;#22577a&#8220; min_height=&#8220;499.3px&#8220; animation=&#8220;off&#8220; header_font_size_tablet=&#8220;15px&#8220; header_font_size_phone=&#8220;13px&#8220; header_font_size_last_edited=&#8220;on|phone&#8220; body_font_size_tablet=&#8220;15px&#8220; body_font_size_phone=&#8220;14px&#8220; body_font_size_last_edited=&#8220;on|desktop&#8220; border_radii_image=&#8220;on|6px|6px|6px|6px&#8220; locked=&#8220;off&#8220; global_colors_info=&#8220;{%22#0e0c19%22:%91%22header_text_color%22,%22header_text_color%22,%22header_text_color%22,%22header_text_color%22,%22header_text_color%22%93,%22#22577a%22:%91%22icon_color%22%93}&#8220;]<\/p>\n<p>Ein liebevoll dekorierter Saal, gutes Essen und ein Team, das sich k\u00fcmmert: Bei uns feiern Sie Hochzeiten in famili\u00e4rer, stilvoller Atmosph\u00e4re. Vom Sektempfang bis zum Mitternachtssnack begleiten wir Ihren gro\u00dfen Tag mit Herz und Erfahrung.<\/p>\n<p>[\/et_pb_blurb][\/et_pb_column][et_pb_column type=&#8220;1_3&#8243; _builder_version=&#8220;4.24.3&#8243; _module_preset=&#8220;50607da8-57bc-4d4b-aaef-f02e41c2cc4a&#8220; background_color=&#8220;#FFFFFF&#8220; custom_padding=&#8220;30px|30px|30px|30px|true|true&#8220; custom_padding_tablet=&#8220;30px|30px|30px|30px|true|true&#8220; custom_padding_phone=&#8220;20px|20px|20px|20px|false|true&#8220; custom_padding_last_edited=&#8220;on|phone&#8220; border_radii=&#8220;on|6px|6px|6px|6px&#8220; box_shadow_style=&#8220;preset1&#8243; box_shadow_vertical=&#8220;24px&#8220; box_shadow_blur=&#8220;72px&#8220; box_shadow_spread=&#8220;-12px&#8220; box_shadow_color=&#8220;rgba(0,0,0,0.12)&#8220; global_colors_info=&#8220;{%22gcid-7cadd8b3-5228-48e4-90c4-212d09232f7b%22:%91%22color%22%93}&#8220;][et_pb_blurb title=&#8220;Firmenfeiern&#8220; image=&#8220;https:\/\/hotel-zumgoldenenloewen.flix-marketing.de\/wp-content\/uploads\/2026\/02\/pexels-gabby-k-9479834.jpg&#8220; icon_alignment=&#8220;left&#8220; content_max_width=&#8220;100%&#8220; _builder_version=&#8220;4.27.5&#8243; _module_preset=&#8220;203c76fc-aee0-4484-9be1-f0e2ebd81a8f&#8220; header_font=&#8220;&#8211;et_global_body_font|Cinzel_weight|||||||&#8220; header_text_color=&#8220;#0e0c19&#8243; header_font_size=&#8220;23px&#8220; header_line_height=&#8220;1.4em&#8220; body_font=&#8220;Fauna One|Fauna One_weight|||||||&#8220; body_text_color=&#8220;#3c3a47&#8243; body_font_size=&#8220;16px&#8220; body_line_height=&#8220;1.75em&#8220; body_link_text_color=&#8220;#22577a&#8220; image_icon_custom_margin=&#8220;||||false|false&#8220; image_icon_custom_padding=&#8220;||||false|false&#8220; custom_margin=&#8220;||33px|||&#8220; animation=&#8220;off&#8220; header_font_size_tablet=&#8220;15px&#8220; header_font_size_phone=&#8220;13px&#8220; header_font_size_last_edited=&#8220;on|phone&#8220; body_font_size_tablet=&#8220;15px&#8220; body_font_size_phone=&#8220;14px&#8220; body_font_size_last_edited=&#8220;on|desktop&#8220; border_radii_image=&#8220;on|6px|6px|6px|6px&#8220; locked=&#8220;off&#8220; global_colors_info=&#8220;{%22#0e0c19%22:%91%22header_text_color%22,%22header_text_color%22,%22header_text_color%22,%22header_text_color%22,%22header_text_color%22%93,%22#3c3a47%22:%91%22body_text_color%22,%22body_text_color%22,%22body_text_color%22,%22body_text_color%22,%22body_text_color%22%93,%22#22577a%22:%91%22icon_color%22%93}&#8220;]<\/p>\n<p>Ob Weihnachtsfeier, Jubil\u00e4um oder Gesch\u00e4ftsdinner \u2013 wir schaffen den passenden Rahmen f\u00fcr entspannte Firmenevents. Regionale Speisen, gem\u00fctliche R\u00e4umlichkeiten und ein Service, der sich um alles k\u00fcmmert.<\/p>\n<p>[\/et_pb_blurb][\/et_pb_column][et_pb_column type=&#8220;1_3&#8243; _builder_version=&#8220;4.24.3&#8243; _module_preset=&#8220;50607da8-57bc-4d4b-aaef-f02e41c2cc4a&#8220; background_color=&#8220;#FFFFFF&#8220; custom_padding=&#8220;30px|30px|30px|30px|true|true&#8220; custom_padding_tablet=&#8220;30px|30px|30px|30px|true|true&#8220; custom_padding_phone=&#8220;20px|20px|20px|20px|false|true&#8220; custom_padding_last_edited=&#8220;on|phone&#8220; border_radii=&#8220;on|6px|6px|6px|6px&#8220; box_shadow_style=&#8220;preset1&#8243; box_shadow_vertical=&#8220;24px&#8220; box_shadow_blur=&#8220;72px&#8220; box_shadow_spread=&#8220;-12px&#8220; box_shadow_color=&#8220;rgba(0,0,0,0.12)&#8220; global_colors_info=&#8220;{%22gcid-7cadd8b3-5228-48e4-90c4-212d09232f7b%22:%91%22color%22%93}&#8220;][et_pb_blurb title=&#8220;Trauerfeiern&#8220; image=&#8220;https:\/\/hotel-zumgoldenenloewen.flix-marketing.de\/wp-content\/uploads\/2026\/02\/pexels-athena-2749940.jpg&#8220; icon_alignment=&#8220;left&#8220; content_max_width=&#8220;100%&#8220; _builder_version=&#8220;4.27.5&#8243; _module_preset=&#8220;203c76fc-aee0-4484-9be1-f0e2ebd81a8f&#8220; header_font=&#8220;&#8211;et_global_body_font|Cinzel_weight|||||||&#8220; header_text_color=&#8220;#0e0c19&#8243; header_font_size=&#8220;23px&#8220; header_line_height=&#8220;1.4em&#8220; body_font=&#8220;Fauna One|Fauna One_weight|||||||&#8220; body_text_color=&#8220;#3c3a47&#8243; body_font_size=&#8220;16px&#8220; body_line_height=&#8220;1.75em&#8220; body_link_text_color=&#8220;#22577a&#8220; image_icon_custom_margin=&#8220;||||false|false&#8220; image_icon_custom_padding=&#8220;||||false|false&#8220; custom_padding=&#8220;|0px|35px|||&#8220; animation=&#8220;off&#8220; header_font_size_tablet=&#8220;15px&#8220; header_font_size_phone=&#8220;13px&#8220; header_font_size_last_edited=&#8220;on|phone&#8220; body_font_size_tablet=&#8220;15px&#8220; body_font_size_phone=&#8220;14px&#8220; body_font_size_last_edited=&#8220;on|desktop&#8220; border_radii_image=&#8220;on|6px|6px|6px|6px&#8220; locked=&#8220;off&#8220; global_colors_info=&#8220;{%22#0e0c19%22:%91%22header_text_color%22,%22header_text_color%22,%22header_text_color%22,%22header_text_color%22,%22header_text_color%22%93,%22#3c3a47%22:%91%22body_text_color%22,%22body_text_color%22,%22body_text_color%22,%22body_text_color%22,%22body_text_color%22%93,%22#22577a%22:%91%22icon_color%22%93}&#8220;]<\/p>\n<p data-start=\"2382\" data-end=\"2578\">In einem schweren Moment bieten wir einen w\u00fcrdevollen, ruhigen Ort zum Abschiednehmen. Auf Wunsch richten wir Kaffeetafel, Men\u00fc oder kleine Bewirtung aus \u2013 einf\u00fchlsam, diskret und gut organisiert.<\/p>\n<p>[\/et_pb_blurb][\/et_pb_column][\/et_pb_row][\/et_pb_section][et_pb_section fb_built=&#8220;1&#8243; _builder_version=&#8220;4.27.4&#8243; _module_preset=&#8220;default&#8220; background_color=&#8220;#eed9c4&#8243; custom_padding=&#8220;69px||81px|||&#8220; global_colors_info=&#8220;{}&#8220;][et_pb_row column_structure=&#8220;1_2,1_2&#8243; module_id=&#8220;contact&#8220; _builder_version=&#8220;4.27.6&#8243; _module_preset=&#8220;default&#8220; background_color=&#8220;gcid-primary-color&#8220; custom_margin=&#8220;-111px||||false|false&#8220; custom_padding=&#8220;35px|35px|35px|35px|true|true&#8220; border_radii=&#8220;on|10px|10px|10px|10px&#8220; box_shadow_style=&#8220;preset5&#8243; box_shadow_blur=&#8220;71px&#8220; box_shadow_spread=&#8220;-9px&#8220; box_shadow_color=&#8220;gcid-secondary-color&#8220; global_colors_info=&#8220;{%22gcid-primary-color%22:%91%22background_color%22%93,%22gcid-secondary-color%22:%91%22box_shadow_color%22%93}&#8220;][et_pb_column type=&#8220;1_2&#8243; _builder_version=&#8220;4.27.4&#8243; _module_preset=&#8220;default&#8220; global_colors_info=&#8220;{}&#8220;][et_pb_heading title=&#8220;Jetzt anfragen&#8220; module_id=&#8220;#reservieren&#8220; _builder_version=&#8220;4.27.6&#8243; _module_preset=&#8220;default&#8220; title_text_color=&#8220;#543100&#8243; title_font_size=&#8220;41px&#8220; global_colors_info=&#8220;{}&#8220;][\/et_pb_heading][et_pb_contact_form _builder_version=&#8220;4.27.6&#8243; _module_preset=&#8220;default&#8220; _unique_id=&#8220;35733f5f-cf97-46af-b4e5-2a69b70a0f12&#8243; title_text_color=&#8220;#543100&#8243; captcha_text_color=&#8220;#543100&#8243; custom_button=&#8220;on&#8220; button_text_size=&#8220;18px&#8220; button_text_color=&#8220;#faf0e6&#8243; button_bg_color=&#8220;#543100&#8243; button_border_color=&#8220;RGBA(255,255,255,0)&#8220; button_border_radius=&#8220;11px&#8220; button_on_hover=&#8220;off&#8220; border_width_all=&#8220;1px&#8220; border_color_all=&#8220;#543100&#8243; global_colors_info=&#8220;{}&#8220;][et_pb_contact_field field_id=&#8220;Name&#8220; field_title=&#8220;Name&#8220; _builder_version=&#8220;4.27.4&#8243; form_field_text_color=&#8220;#543100&#8243; text_orientation=&#8220;left&#8220; global_colors_info=&#8220;{}&#8220; button_text_size__hover_enabled=&#8220;off&#8220; button_one_text_size__hover_enabled=&#8220;off&#8220; button_two_text_size__hover_enabled=&#8220;off&#8220; button_text_color__hover_enabled=&#8220;off&#8220; button_one_text_color__hover_enabled=&#8220;off&#8220; button_two_text_color__hover_enabled=&#8220;off&#8220; button_border_width__hover_enabled=&#8220;off&#8220; button_one_border_width__hover_enabled=&#8220;off&#8220; button_two_border_width__hover_enabled=&#8220;off&#8220; button_border_color__hover_enabled=&#8220;off&#8220; button_one_border_color__hover_enabled=&#8220;off&#8220; button_two_border_color__hover_enabled=&#8220;off&#8220; button_border_radius__hover_enabled=&#8220;off&#8220; button_one_border_radius__hover_enabled=&#8220;off&#8220; button_two_border_radius__hover_enabled=&#8220;off&#8220; button_letter_spacing__hover_enabled=&#8220;off&#8220; button_one_letter_spacing__hover_enabled=&#8220;off&#8220; button_two_letter_spacing__hover_enabled=&#8220;off&#8220; button_bg_color__hover_enabled=&#8220;off&#8220; button_one_bg_color__hover_enabled=&#8220;off&#8220; button_two_bg_color__hover_enabled=&#8220;off&#8220;][\/et_pb_contact_field][et_pb_contact_field field_id=&#8220;Email&#8220; field_title=&#8220;E-Mail-Adresse&#8220; field_type=&#8220;email&#8220; _builder_version=&#8220;4.16&#8243; form_field_text_color=&#8220;#543100&#8243; global_colors_info=&#8220;{}&#8220; button_text_size__hover_enabled=&#8220;off&#8220; button_one_text_size__hover_enabled=&#8220;off&#8220; button_two_text_size__hover_enabled=&#8220;off&#8220; button_text_color__hover_enabled=&#8220;off&#8220; button_one_text_color__hover_enabled=&#8220;off&#8220; button_two_text_color__hover_enabled=&#8220;off&#8220; button_border_width__hover_enabled=&#8220;off&#8220; button_one_border_width__hover_enabled=&#8220;off&#8220; button_two_border_width__hover_enabled=&#8220;off&#8220; button_border_color__hover_enabled=&#8220;off&#8220; button_one_border_color__hover_enabled=&#8220;off&#8220; button_two_border_color__hover_enabled=&#8220;off&#8220; button_border_radius__hover_enabled=&#8220;off&#8220; button_one_border_radius__hover_enabled=&#8220;off&#8220; button_two_border_radius__hover_enabled=&#8220;off&#8220; button_letter_spacing__hover_enabled=&#8220;off&#8220; button_one_letter_spacing__hover_enabled=&#8220;off&#8220; button_two_letter_spacing__hover_enabled=&#8220;off&#8220; button_bg_color__hover_enabled=&#8220;off&#8220; button_one_bg_color__hover_enabled=&#8220;off&#8220; button_two_bg_color__hover_enabled=&#8220;off&#8220;][\/et_pb_contact_field][et_pb_contact_field field_id=&#8220;Nummer&#8220; field_title=&#8220;Telefonnummer&#8220; allowed_symbols=&#8220;numbers&#8220; fullwidth_field=&#8220;on&#8220; _builder_version=&#8220;4.27.6&#8243; form_field_text_color=&#8220;#543100&#8243; global_colors_info=&#8220;{}&#8220; button_text_size__hover_enabled=&#8220;off&#8220; button_one_text_size__hover_enabled=&#8220;off&#8220; button_two_text_size__hover_enabled=&#8220;off&#8220; button_text_color__hover_enabled=&#8220;off&#8220; button_one_text_color__hover_enabled=&#8220;off&#8220; button_two_text_color__hover_enabled=&#8220;off&#8220; button_border_width__hover_enabled=&#8220;off&#8220; button_one_border_width__hover_enabled=&#8220;off&#8220; button_two_border_width__hover_enabled=&#8220;off&#8220; button_border_color__hover_enabled=&#8220;off&#8220; button_one_border_color__hover_enabled=&#8220;off&#8220; button_two_border_color__hover_enabled=&#8220;off&#8220; button_border_radius__hover_enabled=&#8220;off&#8220; button_one_border_radius__hover_enabled=&#8220;off&#8220; button_two_border_radius__hover_enabled=&#8220;off&#8220; button_letter_spacing__hover_enabled=&#8220;off&#8220; button_one_letter_spacing__hover_enabled=&#8220;off&#8220; button_two_letter_spacing__hover_enabled=&#8220;off&#8220; button_bg_color__hover_enabled=&#8220;off&#8220; button_one_bg_color__hover_enabled=&#8220;off&#8220; button_two_bg_color__hover_enabled=&#8220;off&#8220;][\/et_pb_contact_field][et_pb_contact_field field_id=&#8220;Message&#8220; field_title=&#8220;Nachricht&#8220; field_type=&#8220;text&#8220; fullwidth_field=&#8220;on&#8220; _builder_version=&#8220;4.16&#8243; form_field_text_color=&#8220;#543100&#8243; global_colors_info=&#8220;{}&#8220; button_text_size__hover_enabled=&#8220;off&#8220; button_one_text_size__hover_enabled=&#8220;off&#8220; button_two_text_size__hover_enabled=&#8220;off&#8220; button_text_color__hover_enabled=&#8220;off&#8220; button_one_text_color__hover_enabled=&#8220;off&#8220; button_two_text_color__hover_enabled=&#8220;off&#8220; button_border_width__hover_enabled=&#8220;off&#8220; button_one_border_width__hover_enabled=&#8220;off&#8220; button_two_border_width__hover_enabled=&#8220;off&#8220; button_border_color__hover_enabled=&#8220;off&#8220; button_one_border_color__hover_enabled=&#8220;off&#8220; button_two_border_color__hover_enabled=&#8220;off&#8220; button_border_radius__hover_enabled=&#8220;off&#8220; button_one_border_radius__hover_enabled=&#8220;off&#8220; button_two_border_radius__hover_enabled=&#8220;off&#8220; button_letter_spacing__hover_enabled=&#8220;off&#8220; button_one_letter_spacing__hover_enabled=&#8220;off&#8220; button_two_letter_spacing__hover_enabled=&#8220;off&#8220; button_bg_color__hover_enabled=&#8220;off&#8220; button_one_bg_color__hover_enabled=&#8220;off&#8220; button_two_bg_color__hover_enabled=&#8220;off&#8220;][\/et_pb_contact_field][\/et_pb_contact_form][\/et_pb_column][et_pb_column type=&#8220;1_2&#8243; _builder_version=&#8220;4.27.4&#8243; _module_preset=&#8220;default&#8220; global_colors_info=&#8220;{}&#8220;][et_pb_text _builder_version=&#8220;4.27.6&#8243; _module_preset=&#8220;default&#8220; text_font=&#8220;Fauna One|700|||||||&#8220; text_text_color=&#8220;gcid-secondary-color&#8220; text_font_size=&#8220;21px&#8220; text_font_size_tablet=&#8220;16px&#8220; text_font_size_phone=&#8220;13px&#8220; text_font_size_last_edited=&#8220;on|phone&#8220; global_colors_info=&#8220;{%22gcid-secondary-color%22:%91%22text_text_color%22%93}&#8220;]<\/p>\n<p>\u00d6ffnungszeiten<\/p>\n<p>Dienstag \u2013 Samstag 17:00 \u2013 22:30 <\/p>\n<p>Sonntag 12:00 \u2013 14:00 17:00 \u2013 22:00<\/p>\n<p>[\/et_pb_text][\/et_pb_column][\/et_pb_row][\/et_pb_section]<\/p>\n","protected":false},"excerpt":{"rendered":"<p>Genie\u00dfen Sie gute K\u00fcche, gem\u00fctliche Atmosph\u00e4re und herzliche Gastfreundschaft \u2013 drinnen wie drau\u00dfen. Ob Stammtisch, Familienessen oder geselliger Abend auf unserer Terrasse: Bei uns z\u00e4hlt das Miteinander.Wir freuen uns darauf, Sie bewirten zu d\u00fcrfen.Der Goldene L\u00f6we als EventlocationEin liebevoll dekorierter Saal, gutes Essen und ein Team, das sich k\u00fcmmert: Bei uns feiern Sie Hochzeiten in [&hellip;]<\/p>\n","protected":false},"author":2,"featured_media":0,"parent":0,"menu_order":0,"comment_status":"closed","ping_status":"closed","template":"","meta":{"_et_pb_use_builder":"on","_et_pb_old_content":"","_et_gb_content_width":"","footnotes":""},"class_list":["post-37","page","type-page","status-publish","hentry"],"_links":{"self":[{"href":"https:\/\/hotel-zumgoldenenloewen.flix-marketing.de\/en\/wp-json\/wp\/v2\/pages\/37","targetHints":{"allow":["GET"]}}],"collection":[{"href":"https:\/\/hotel-zumgoldenenloewen.flix-marketing.de\/en\/wp-json\/wp\/v2\/pages"}],"about":[{"href":"https:\/\/hotel-zumgoldenenloewen.flix-marketing.de\/en\/wp-json\/wp\/v2\/types\/page"}],"author":[{"embeddable":true,"href":"https:\/\/hotel-zumgoldenenloewen.flix-marketing.de\/en\/wp-json\/wp\/v2\/users\/2"}],"replies":[{"embeddable":true,"href":"https:\/\/hotel-zumgoldenenloewen.flix-marketing.de\/en\/wp-json\/wp\/v2\/comments?post=37"}],"version-history":[{"count":33,"href":"https:\/\/hotel-zumgoldenenloewen.flix-marketing.de\/en\/wp-json\/wp\/v2\/pages\/37\/revisions"}],"predecessor-version":[{"id":729,"href":"https:\/\/hotel-zumgoldenenloewen.flix-marketing.de\/en\/wp-json\/wp\/v2\/pages\/37\/revisions\/729"}],"wp:attachment":[{"href":"https:\/\/hotel-zumgoldenenloewen.flix-marketing.de\/en\/wp-json\/wp\/v2\/media?parent=37"}],"curies":[{"name":"wp","href":"https:\/\/api.w.org\/{rel}","templated":true}]}}