{"id":35,"date":"2025-06-19T19:44:12","date_gmt":"2025-06-19T19:44:12","guid":{"rendered":"https:\/\/hotel-zumgoldenenloewen.flix-marketing.de\/?page_id=35"},"modified":"2026-04-17T09:40:28","modified_gmt":"2026-04-17T09:40:28","slug":"zimmer","status":"publish","type":"page","link":"https:\/\/hotel-zumgoldenenloewen.flix-marketing.de\/en\/zimmer\/","title":{"rendered":"Rooms"},"content":{"rendered":"<p>[et_pb_section fb_built=&#8220;1&#8243; fullwidth=&#8220;on&#8220; _builder_version=&#8220;4.27.4&#8243; _module_preset=&#8220;default&#8220; global_colors_info=&#8220;{}&#8220;][et_pb_fullwidth_slider show_arrows=&#8220;off&#8220; show_pagination=&#8220;off&#8220; _builder_version=&#8220;4.27.6&#8243; _module_preset=&#8220;default&#8220; header_font=&#8220;|600|||||||&#8220; header_text_color=&#8220;gcid-primary-color&#8220; body_text_color=&#8220;gcid-primary-color&#8220; background_color=&#8220;rgba(84,49,0,0.53)&#8220; custom_button=&#8220;on&#8220; custom_padding=&#8220;136px|||||&#8220; hover_enabled=&#8220;0&#8243; global_colors_info=&#8220;{%22gcid-primary-color%22:%91%22header_text_color%22,%22body_text_color%22%93}&#8220; sticky_enabled=&#8220;0&#8243;][et_pb_slide heading=&#8220;Unsere Einzelzimmer&#8220; button_text=&#8220;Reservieren&#8220; button_link=&#8220;https:\/\/hotel-zumgoldenenloewen.flix-marketing.de\/zimmer\/#zimmerreservieren&#8220; image=&#8220;https:\/\/hotel-zumgoldenenloewen.flix-marketing.de\/wp-content\/uploads\/2025\/08\/Logo-zum-goldenen-Loewen.png&#8220; _builder_version=&#8220;4.27.6&#8243; _module_preset=&#8220;default&#8220; body_font_size=&#8220;26px&#8220; background_image=&#8220;https:\/\/hotel-zumgoldenenloewen.flix-marketing.de\/wp-content\/uploads\/2026\/02\/einzelzimmer-bett.jpg&#8220; background_enable_image=&#8220;on&#8220; background_blend=&#8220;darken&#8220; custom_button=&#8220;on&#8220; button_text_color=&#8220;gcid-primary-color&#8220; button_bg_color=&#8220;gcid-secondary-color&#8220; button_border_color=&#8220;gcid-primary-color&#8220; button_border_radius=&#8220;100px&#8220; button_icon=&#8220;&#xf236;||fa||900&#8243; button_on_hover=&#8220;on&#8220; hover_enabled=&#8220;0&#8243; header_font_size_tablet=&#8220;45px&#8220; header_font_size_phone=&#8220;45px&#8220; header_font_size_last_edited=&#8220;on|tablet&#8220; body_font_size_tablet=&#8220;21px&#8220; body_font_size_phone=&#8220;18px&#8220; body_font_size_last_edited=&#8220;on|phone&#8220; global_colors_info=&#8220;{%22gcid-primary-color%22:%91%22button_text_color%22,%22button_border_color%22%93,%22gcid-secondary-color%22:%91%22button_bg_color%22%93}&#8220; sticky_transition=&#8220;on&#8220; sticky_enabled=&#8220;0&#8243;]<\/p>\n<p>Seit Generationen steht unser Haus f\u00fcr herzliche Gastfreundschaft, gutes Essen und gem\u00fctliche Einzelzimmer. Ob auf Gesch\u00e4ftsreise, zum Wandern in unserer sch\u00f6nen Region oder f\u00fcr einen entspannten Wochenendausflug \u2013 bei uns finden Sie Ruhe, W\u00e4rme und famili\u00e4ren Service.<br \/><br data-start=\"725\" data-end=\"728\" \/>Wir freuen uns darauf, Sie zu bewirten.<\/p>\n<p>[\/et_pb_slide][\/et_pb_fullwidth_slider][\/et_pb_section][et_pb_section fb_built=&#8220;1&#8243; _builder_version=&#8220;4.27.5&#8243; _module_preset=&#8220;default&#8220; background_color=&#8220;gcid-primary-color&#8220; custom_padding=&#8220;0px||0px||true|false&#8220; global_colors_info=&#8220;{%22gcid-primary-color%22:%91%22background_color%22%93}&#8220;][et_pb_row _builder_version=&#8220;4.27.5&#8243; _module_preset=&#8220;default&#8220; custom_padding=&#8220;||68px|||&#8220; global_colors_info=&#8220;{}&#8220;][et_pb_column type=&#8220;4_4&#8243; _builder_version=&#8220;4.27.5&#8243; _module_preset=&#8220;default&#8220; global_colors_info=&#8220;{}&#8220;][et_pb_gallery gallery_ids=&#8220;452,453,454,455&#8243; fullwidth=&#8220;on&#8220; _builder_version=&#8220;4.27.5&#8243; _module_preset=&#8220;default&#8220; title_text_color=&#8220;RGBA(255,255,255,0)&#8220; pagination_text_color=&#8220;RGBA(255,255,255,0)&#8220; global_colors_info=&#8220;{}&#8220;][\/et_pb_gallery][et_pb_gallery gallery_ids=&#8220;455,454,453,527&#8243; posts_number=&#8220;5&#8243; show_title_and_caption=&#8220;off&#8220; show_pagination=&#8220;off&#8220; zoom_icon_color=&#8220;RGBA(255,255,255,0)&#8220; hover_overlay_color=&#8220;RGBA(255,255,255,0)&#8220; _builder_version=&#8220;4.27.5&#8243; _module_preset=&#8220;default&#8220; global_colors_info=&#8220;{}&#8220;][\/et_pb_gallery][\/et_pb_column][\/et_pb_row][et_pb_row _builder_version=&#8220;4.27.4&#8243; _module_preset=&#8220;default&#8220; custom_padding=&#8220;9px||9px||true|&#8220; global_colors_info=&#8220;{}&#8220;][et_pb_column type=&#8220;4_4&#8243; _builder_version=&#8220;4.27.4&#8243; _module_preset=&#8220;default&#8220; global_colors_info=&#8220;{}&#8220;][et_pb_text module_id=&#8220;#einzelzimmer&#8220; _builder_version=&#8220;4.27.4&#8243; _module_preset=&#8220;default&#8220; text_font=&#8220;Fauna One|700|||||||&#8220; text_text_color=&#8220;gcid-secondary-color&#8220; text_font_size=&#8220;40px&#8220; text_orientation=&#8220;center&#8220; global_colors_info=&#8220;{%22gcid-secondary-color%22:%91%22text_text_color%22%93}&#8220;]<\/p>\n<p>Einzelzimmer<\/p>\n<p>[\/et_pb_text][et_pb_divider color=&#8220;gcid-secondary-color&#8220; _builder_version=&#8220;4.27.4&#8243; _module_preset=&#8220;default&#8220; global_colors_info=&#8220;{%22gcid-secondary-color%22:%91%22color%22%93}&#8220;][\/et_pb_divider][\/et_pb_column][\/et_pb_row][et_pb_row column_structure=&#8220;1_2,1_2&#8243; _builder_version=&#8220;4.27.5&#8243; _module_preset=&#8220;default&#8220; global_colors_info=&#8220;{}&#8220;][et_pb_column type=&#8220;1_2&#8243; _builder_version=&#8220;4.27.5&#8243; _module_preset=&#8220;default&#8220; global_colors_info=&#8220;{}&#8220;][et_pb_text _builder_version=&#8220;4.27.6&#8243; _module_preset=&#8220;default&#8220; global_colors_info=&#8220;{}&#8220;]<\/p>\n<p><span>Die Nichtrauchereinzelzimmer sind ruhig gelegen mit gehobener Ausstattung:<br \/><img loading=\"lazy\" decoding=\"async\" src=\"https:\/\/hotel-zumgoldenenloewen.flix-marketing.de\/wp-content\/uploads\/2026\/01\/icons8-dusche-14.png\" width=\"14\" height=\"14\" alt=\"\" class=\"wp-image-442 alignnone size-full\" srcset=\"https:\/\/hotel-zumgoldenenloewen.flix-marketing.de\/wp-content\/uploads\/2026\/01\/icons8-dusche-14.png 14w, https:\/\/hotel-zumgoldenenloewen.flix-marketing.de\/wp-content\/uploads\/2026\/01\/icons8-dusche-14-12x12.png 12w\" sizes=\"(max-width: 14px) 100vw, 14px\" \/> Dusche und WC<br \/><\/span><img loading=\"lazy\" decoding=\"async\" src=\"https:\/\/hotel-zumgoldenenloewen.flix-marketing.de\/wp-content\/uploads\/2026\/01\/icons8-fernseher-14.png\" width=\"14\" height=\"14\" alt=\"\" class=\"wp-image-441 alignnone size-full\" srcset=\"https:\/\/hotel-zumgoldenenloewen.flix-marketing.de\/wp-content\/uploads\/2026\/01\/icons8-fernseher-14.png 14w, https:\/\/hotel-zumgoldenenloewen.flix-marketing.de\/wp-content\/uploads\/2026\/01\/icons8-fernseher-14-12x12.png 12w\" sizes=\"(max-width: 14px) 100vw, 14px\" \/> <span>Kabel &#8211; TV<br \/><\/span><img loading=\"lazy\" decoding=\"async\" src=\"https:\/\/hotel-zumgoldenenloewen.flix-marketing.de\/wp-content\/uploads\/2026\/01\/icons8-wlan-50.png\" width=\"14\" height=\"14\" alt=\"\" class=\"wp-image-440 alignnone size-full\" srcset=\"https:\/\/hotel-zumgoldenenloewen.flix-marketing.de\/wp-content\/uploads\/2026\/01\/icons8-wlan-50.png 50w, https:\/\/hotel-zumgoldenenloewen.flix-marketing.de\/wp-content\/uploads\/2026\/01\/icons8-wlan-50-12x12.png 12w\" sizes=\"(max-width: 14px) 100vw, 14px\" \/> <span>kostenfreier W-LAN &#8211; Anschluss<br \/><img loading=\"lazy\" decoding=\"async\" src=\"https:\/\/hotel-zumgoldenenloewen.flix-marketing.de\/wp-content\/uploads\/2026\/01\/icons8-foen-14.png\" width=\"14\" height=\"14\" alt=\"\" class=\"wp-image-443 alignnone size-full\" srcset=\"https:\/\/hotel-zumgoldenenloewen.flix-marketing.de\/wp-content\/uploads\/2026\/01\/icons8-foen-14.png 14w, https:\/\/hotel-zumgoldenenloewen.flix-marketing.de\/wp-content\/uploads\/2026\/01\/icons8-foen-14-12x12.png 12w\" sizes=\"(max-width: 14px) 100vw, 14px\" \/> F\u00f6n im Einzelzimmer<br \/><img loading=\"lazy\" decoding=\"async\" src=\"https:\/\/hotel-zumgoldenenloewen.flix-marketing.de\/wp-content\/uploads\/2026\/01\/icons8-kueche-14.png\" width=\"14\" height=\"14\" alt=\"\" class=\"wp-image-444 alignnone size-full\" srcset=\"https:\/\/hotel-zumgoldenenloewen.flix-marketing.de\/wp-content\/uploads\/2026\/01\/icons8-kueche-14.png 14w, https:\/\/hotel-zumgoldenenloewen.flix-marketing.de\/wp-content\/uploads\/2026\/01\/icons8-kueche-14-12x12.png 12w\" sizes=\"(max-width: 14px) 100vw, 14px\" \/> K\u00fcche im Gemeinschaftsraum.<\/span><\/p>\n<p><strong>Unsere Preise:<\/strong><\/p>\n<p><strong>Einzelzimmer<\/strong>\u00a0mit Dusche\/WC ab\u00a0<strong>68 \u20ac\/Nacht inkl. MwSt.<\/strong><span><\/span><\/p>\n<p><\/span>Zahlung vor Ort nur mit EC-Karte oder Bar.[\/et_pb_text][\/et_pb_column][et_pb_column type=&#8220;1_2&#8243; _builder_version=&#8220;4.27.5&#8243; _module_preset=&#8220;default&#8220; global_colors_info=&#8220;{}&#8220;][et_pb_text _builder_version=&#8220;4.27.5&#8243; _module_preset=&#8220;default&#8220; text_text_color=&#8220;gcid-secondary-color&#8220; text_orientation=&#8220;center&#8220; min_height=&#8220;320.7px&#8220; custom_margin=&#8220;||-7px|||&#8220; custom_padding=&#8220;0px||0px||true|false&#8220; global_colors_info=&#8220;{%22gcid-secondary-color%22:%91%22text_text_color%22%93}&#8220;]<\/p>\n<p data-start=\"1574\" data-end=\"1871\">Unsere Einzelzimmer sind liebevoll eingerichtet und verbinden moderne Ausstattung mit dem Charakter unseres traditionellen Hauses. Warme Farben, nat\u00fcrliche Materialien und ein komfortables Bett sorgen daf\u00fcr, dass Sie sich schnell wie zuhause f\u00fchlen.<\/p>\n<p data-start=\"1873\" data-end=\"2056\">Ideal f\u00fcr: Gesch\u00e4ftsreisende, Wanderer, Durchreisende oder ruhige Arbeitsaufenthalte.<br data-start=\"1958\" data-end=\"1961\" \/><em data-start=\"1961\" data-end=\"2056\">Abends empfehlen wir ein gutes Essen in unserer Gaststube \u2013 frisch, regional und hausgemacht.<\/em><\/p>\n<p>[\/et_pb_text][\/et_pb_column][\/et_pb_row][et_pb_row _builder_version=&#8220;4.27.5&#8243; _module_preset=&#8220;default&#8220; min_height=&#8220;87.5px&#8220; custom_padding=&#8220;0px||0px||true|false&#8220; global_colors_info=&#8220;{}&#8220;][et_pb_column type=&#8220;4_4&#8243; _builder_version=&#8220;4.27.5&#8243; _module_preset=&#8220;default&#8220; global_colors_info=&#8220;{}&#8220;][\/et_pb_column][\/et_pb_row][\/et_pb_section][et_pb_section fb_built=&#8220;1&#8243; _builder_version=&#8220;4.27.4&#8243; _module_preset=&#8220;default&#8220; background_color=&#8220;#eed9c4&#8243; custom_padding=&#8220;69px||81px|||&#8220; global_colors_info=&#8220;{}&#8220;][et_pb_row column_structure=&#8220;2_5,3_5&#8243; module_id=&#8220;zimmerreservieren&#8220; _builder_version=&#8220;4.27.5&#8243; _module_preset=&#8220;default&#8220; global_colors_info=&#8220;{}&#8220;][et_pb_column type=&#8220;2_5&#8243; _builder_version=&#8220;4.27.4&#8243; _module_preset=&#8220;default&#8220; global_colors_info=&#8220;{}&#8220;][et_pb_heading title=&#8220;Jetzt reservieren&#8220; _builder_version=&#8220;4.27.4&#8243; _module_preset=&#8220;default&#8220; title_text_color=&#8220;#543100&#8243; title_font_size=&#8220;41px&#8220; global_colors_info=&#8220;{}&#8220;][\/et_pb_heading][\/et_pb_column][et_pb_column type=&#8220;3_5&#8243; _builder_version=&#8220;4.27.4&#8243; _module_preset=&#8220;default&#8220; global_colors_info=&#8220;{}&#8220;][et_pb_contact_form email=&#8220;kontakt@hotel-zumgoldenenloewen.de&#8220; _builder_version=&#8220;4.27.6&#8243; _module_preset=&#8220;default&#8220; _unique_id=&#8220;35733f5f-cf97-46af-b4e5-2a69b70a0f12&#8243; title_text_color=&#8220;#543100&#8243; captcha_text_color=&#8220;#543100&#8243; custom_button=&#8220;on&#8220; button_text_size=&#8220;18px&#8220; button_text_color=&#8220;#faf0e6&#8243; button_bg_color=&#8220;#543100&#8243; button_border_color=&#8220;RGBA(255,255,255,0)&#8220; button_border_radius=&#8220;11px&#8220; button_on_hover=&#8220;off&#8220; global_colors_info=&#8220;{}&#8220;][et_pb_contact_field field_id=&#8220;Name&#8220; field_title=&#8220;Name&#8220; _builder_version=&#8220;4.27.4&#8243; form_field_text_color=&#8220;#543100&#8243; text_orientation=&#8220;left&#8220; global_colors_info=&#8220;{}&#8220; button_text_size__hover_enabled=&#8220;off&#8220; button_one_text_size__hover_enabled=&#8220;off&#8220; button_two_text_size__hover_enabled=&#8220;off&#8220; button_text_color__hover_enabled=&#8220;off&#8220; button_one_text_color__hover_enabled=&#8220;off&#8220; button_two_text_color__hover_enabled=&#8220;off&#8220; button_border_width__hover_enabled=&#8220;off&#8220; button_one_border_width__hover_enabled=&#8220;off&#8220; button_two_border_width__hover_enabled=&#8220;off&#8220; button_border_color__hover_enabled=&#8220;off&#8220; button_one_border_color__hover_enabled=&#8220;off&#8220; button_two_border_color__hover_enabled=&#8220;off&#8220; button_border_radius__hover_enabled=&#8220;off&#8220; button_one_border_radius__hover_enabled=&#8220;off&#8220; button_two_border_radius__hover_enabled=&#8220;off&#8220; button_letter_spacing__hover_enabled=&#8220;off&#8220; button_one_letter_spacing__hover_enabled=&#8220;off&#8220; button_two_letter_spacing__hover_enabled=&#8220;off&#8220; button_bg_color__hover_enabled=&#8220;off&#8220; button_one_bg_color__hover_enabled=&#8220;off&#8220; button_two_bg_color__hover_enabled=&#8220;off&#8220;][\/et_pb_contact_field][et_pb_contact_field field_id=&#8220;Email&#8220; field_title=&#8220;E-Mail-Adresse&#8220; field_type=&#8220;email&#8220; _builder_version=&#8220;4.16&#8243; form_field_text_color=&#8220;#543100&#8243; global_colors_info=&#8220;{}&#8220; button_text_size__hover_enabled=&#8220;off&#8220; button_one_text_size__hover_enabled=&#8220;off&#8220; button_two_text_size__hover_enabled=&#8220;off&#8220; button_text_color__hover_enabled=&#8220;off&#8220; button_one_text_color__hover_enabled=&#8220;off&#8220; button_two_text_color__hover_enabled=&#8220;off&#8220; button_border_width__hover_enabled=&#8220;off&#8220; button_one_border_width__hover_enabled=&#8220;off&#8220; button_two_border_width__hover_enabled=&#8220;off&#8220; button_border_color__hover_enabled=&#8220;off&#8220; button_one_border_color__hover_enabled=&#8220;off&#8220; button_two_border_color__hover_enabled=&#8220;off&#8220; button_border_radius__hover_enabled=&#8220;off&#8220; button_one_border_radius__hover_enabled=&#8220;off&#8220; button_two_border_radius__hover_enabled=&#8220;off&#8220; button_letter_spacing__hover_enabled=&#8220;off&#8220; button_one_letter_spacing__hover_enabled=&#8220;off&#8220; button_two_letter_spacing__hover_enabled=&#8220;off&#8220; button_bg_color__hover_enabled=&#8220;off&#8220; button_one_bg_color__hover_enabled=&#8220;off&#8220; button_two_bg_color__hover_enabled=&#8220;off&#8220;][\/et_pb_contact_field][et_pb_contact_field field_id=&#8220;Nummer&#8220; field_title=&#8220;Telefonnummer&#8220; allowed_symbols=&#8220;numbers&#8220; fullwidth_field=&#8220;on&#8220; _builder_version=&#8220;4.27.6&#8243; form_field_text_color=&#8220;#543100&#8243; global_colors_info=&#8220;{}&#8220; button_text_size__hover_enabled=&#8220;off&#8220; button_one_text_size__hover_enabled=&#8220;off&#8220; button_two_text_size__hover_enabled=&#8220;off&#8220; button_text_color__hover_enabled=&#8220;off&#8220; button_one_text_color__hover_enabled=&#8220;off&#8220; button_two_text_color__hover_enabled=&#8220;off&#8220; button_border_width__hover_enabled=&#8220;off&#8220; button_one_border_width__hover_enabled=&#8220;off&#8220; button_two_border_width__hover_enabled=&#8220;off&#8220; button_border_color__hover_enabled=&#8220;off&#8220; button_one_border_color__hover_enabled=&#8220;off&#8220; button_two_border_color__hover_enabled=&#8220;off&#8220; button_border_radius__hover_enabled=&#8220;off&#8220; button_one_border_radius__hover_enabled=&#8220;off&#8220; button_two_border_radius__hover_enabled=&#8220;off&#8220; button_letter_spacing__hover_enabled=&#8220;off&#8220; button_one_letter_spacing__hover_enabled=&#8220;off&#8220; button_two_letter_spacing__hover_enabled=&#8220;off&#8220; button_bg_color__hover_enabled=&#8220;off&#8220; button_one_bg_color__hover_enabled=&#8220;off&#8220; button_two_bg_color__hover_enabled=&#8220;off&#8220;][\/et_pb_contact_field][et_pb_contact_field field_id=&#8220;Zimmer&#8220; field_title=&#8220;Zimmerauswahl&#8220; field_type=&#8220;radio&#8220; radio_options=&#8220;%91{%22value%22:%22Einzelzimmer%22,%22checked%22:0,%22dragID%22:-1}%93&#8243; required_mark=&#8220;off&#8220; fullwidth_field=&#8220;on&#8220; _builder_version=&#8220;4.27.6&#8243; _module_preset=&#8220;default&#8220; global_colors_info=&#8220;{}&#8220;][\/et_pb_contact_field][et_pb_contact_field field_id=&#8220;Message&#8220; field_title=&#8220;Nachricht&#8220; field_type=&#8220;text&#8220; fullwidth_field=&#8220;on&#8220; _builder_version=&#8220;4.16&#8243; form_field_text_color=&#8220;#543100&#8243; global_colors_info=&#8220;{}&#8220; button_text_size__hover_enabled=&#8220;off&#8220; button_one_text_size__hover_enabled=&#8220;off&#8220; button_two_text_size__hover_enabled=&#8220;off&#8220; button_text_color__hover_enabled=&#8220;off&#8220; button_one_text_color__hover_enabled=&#8220;off&#8220; button_two_text_color__hover_enabled=&#8220;off&#8220; button_border_width__hover_enabled=&#8220;off&#8220; button_one_border_width__hover_enabled=&#8220;off&#8220; button_two_border_width__hover_enabled=&#8220;off&#8220; button_border_color__hover_enabled=&#8220;off&#8220; button_one_border_color__hover_enabled=&#8220;off&#8220; button_two_border_color__hover_enabled=&#8220;off&#8220; button_border_radius__hover_enabled=&#8220;off&#8220; button_one_border_radius__hover_enabled=&#8220;off&#8220; button_two_border_radius__hover_enabled=&#8220;off&#8220; button_letter_spacing__hover_enabled=&#8220;off&#8220; button_one_letter_spacing__hover_enabled=&#8220;off&#8220; button_two_letter_spacing__hover_enabled=&#8220;off&#8220; button_bg_color__hover_enabled=&#8220;off&#8220; button_one_bg_color__hover_enabled=&#8220;off&#8220; button_two_bg_color__hover_enabled=&#8220;off&#8220;][\/et_pb_contact_field][\/et_pb_contact_form][\/et_pb_column][\/et_pb_row][\/et_pb_section]<\/p>\n","protected":false},"excerpt":{"rendered":"<p>Seit Generationen steht unser Haus f\u00fcr herzliche Gastfreundschaft, gutes Essen und gem\u00fctliche Einzelzimmer. Ob auf Gesch\u00e4ftsreise, zum Wandern in unserer sch\u00f6nen Region oder f\u00fcr einen entspannten Wochenendausflug \u2013 bei uns finden Sie Ruhe, W\u00e4rme und famili\u00e4ren Service.Wir freuen uns darauf, Sie zu bewirten.EinzelzimmerDie Nichtrauchereinzelzimmer sind ruhig gelegen mit gehobener Ausstattung: Dusche und WC Kabel &#8211; [&hellip;]<\/p>\n","protected":false},"author":2,"featured_media":0,"parent":0,"menu_order":0,"comment_status":"closed","ping_status":"closed","template":"","meta":{"_et_pb_use_builder":"on","_et_pb_old_content":"","_et_gb_content_width":"","footnotes":""},"class_list":["post-35","page","type-page","status-publish","hentry"],"_links":{"self":[{"href":"https:\/\/hotel-zumgoldenenloewen.flix-marketing.de\/en\/wp-json\/wp\/v2\/pages\/35","targetHints":{"allow":["GET"]}}],"collection":[{"href":"https:\/\/hotel-zumgoldenenloewen.flix-marketing.de\/en\/wp-json\/wp\/v2\/pages"}],"about":[{"href":"https:\/\/hotel-zumgoldenenloewen.flix-marketing.de\/en\/wp-json\/wp\/v2\/types\/page"}],"author":[{"embeddable":true,"href":"https:\/\/hotel-zumgoldenenloewen.flix-marketing.de\/en\/wp-json\/wp\/v2\/users\/2"}],"replies":[{"embeddable":true,"href":"https:\/\/hotel-zumgoldenenloewen.flix-marketing.de\/en\/wp-json\/wp\/v2\/comments?post=35"}],"version-history":[{"count":76,"href":"https:\/\/hotel-zumgoldenenloewen.flix-marketing.de\/en\/wp-json\/wp\/v2\/pages\/35\/revisions"}],"predecessor-version":[{"id":754,"href":"https:\/\/hotel-zumgoldenenloewen.flix-marketing.de\/en\/wp-json\/wp\/v2\/pages\/35\/revisions\/754"}],"wp:attachment":[{"href":"https:\/\/hotel-zumgoldenenloewen.flix-marketing.de\/en\/wp-json\/wp\/v2\/media?parent=35"}],"curies":[{"name":"wp","href":"https:\/\/api.w.org\/{rel}","templated":true}]}}